{"id":773,"date":"2024-05-05T11:00:50","date_gmt":"2024-05-05T09:00:50","guid":{"rendered":"https:\/\/guimauve-iris.fr\/?post_type=product&#038;p=773"},"modified":"2024-05-05T09:43:02","modified_gmt":"2024-05-05T07:43:02","slug":"poupee-lapin-collection-blossom","status":"publish","type":"product","link":"https:\/\/guimauve-iris.fr\/index.php\/produit\/poupee-lapin-collection-blossom\/","title":{"rendered":"Poup\u00e9e lapin collection Blossom"},"content":{"rendered":"<p>Ces lapins sont fabriqu\u00e9s \u00e0 la main en \u00e9dition limit\u00e9e.<\/p>\n<p>Elles mesurent environ 35 cm et le visage est brod\u00e9 \u00e0 la main.<\/p>\n<p>Les tissus utilis\u00e9s sont certifi\u00e9s Oeko-Tex pour un gage de qualit\u00e9.<\/p>\n<p>Les v\u00eatements peuvent \u00eatre chang\u00e9s d\u00e9licatement afin de donner un nouveau look \u00e0 votre poup\u00e9e. Le noeud de la lapine est maintenu par un syst\u00e8me de velcro et pourra donc \u00eatre remplac\u00e9 par un autre en accord avec sa nouvelle tenue. Le lapin dispose \u00e9galement d&rsquo;un velcro \u00e0 la base de la t\u00eate afin d&rsquo;y accrocher un noeud papillon qui sera disponible dans de futures collections.<\/p>\n<p>Les poup\u00e9es sont con\u00e7ues pour des enfants d&rsquo;au moins 3 ans. Elles ne sont pas uniquement d\u00e9coratives mais un jeu doux et supervis\u00e9 par un adulte est n\u00e9cessaire.<\/p>\n<p>Les d\u00e9tails brod\u00e9s du visage sont d\u00e9licats. Ne pas tirer sur les fils.<\/p>\n<p>Fabriqu\u00e9s \u00e0 partir du patron de @Mespetiteslunesdolls<\/p>\n","protected":false},"excerpt":{"rendered":"<p>De jolies poup\u00e9es artisanales aux oreilles toutes douces.<\/p>\n","protected":false},"featured_media":778,"comment_status":"open","ping_status":"closed","template":"","meta":{"_monsterinsights_skip_tracking":false,"_monsterinsights_sitenote_active":false,"_monsterinsights_sitenote_note":"","_monsterinsights_sitenote_category":0},"product_brand":[],"product_cat":[166],"product_tag":[],"class_list":{"0":"post-773","1":"product","2":"type-product","3":"status-publish","4":"has-post-thumbnail","6":"product_cat-poupees-lapin","8":"entry","9":"has-media","11":"first","12":"instock","13":"shipping-taxable","14":"purchasable","15":"product-type-variable","16":"has-product-nav","17":"col","18":"span_1_of_3","19":"owp-content-center","20":"owp-thumbs-layout-horizontal","21":"owp-btn-normal","22":"owp-tabs-layout-horizontal"},"yoast_head":"<!-- This site is optimized with the Yoast SEO plugin v27.0 - https:\/\/yoast.com\/product\/yoast-seo-wordpress\/ -->\n<title>Poup\u00e9e lapin collection Blossom - Guimauve &amp; Iris<\/title>\n<meta name=\"description\" content=\"De jolies poup\u00e9es de chiffon fabriqu\u00e9es \u00e0 la main avec amour. Ces petits lapins aux oreilles toutes douces d\u00e9coreront \u00e0 merveille la chambre de votre enfant\" \/>\n<meta name=\"robots\" content=\"index, follow, max-snippet:-1, max-image-preview:large, max-video-preview:-1\" \/>\n<link rel=\"canonical\" href=\"https:\/\/guimauve-iris.fr\/index.php\/produit\/poupee-lapin-collection-blossom\/\" \/>\n<meta property=\"og:locale\" content=\"fr_FR\" \/>\n<meta property=\"og:type\" content=\"article\" \/>\n<meta property=\"og:title\" content=\"Poup\u00e9e lapin collection Blossom - Guimauve &amp; Iris\" \/>\n<meta property=\"og:description\" content=\"De jolies poup\u00e9es de chiffon fabriqu\u00e9es \u00e0 la main avec amour. Ces petits lapins aux oreilles toutes douces d\u00e9coreront \u00e0 merveille la chambre de votre enfant\" \/>\n<meta property=\"og:url\" content=\"https:\/\/guimauve-iris.fr\/index.php\/produit\/poupee-lapin-collection-blossom\/\" \/>\n<meta property=\"og:site_name\" content=\"Guimauve &amp; Iris\" \/>\n<meta property=\"og:image\" content=\"https:\/\/guimauve-iris.fr\/wp-content\/uploads\/2024\/05\/KOLORO_1714853516293-scaled.jpg\" \/>\n\t<meta property=\"og:image:width\" content=\"1920\" \/>\n\t<meta property=\"og:image:height\" content=\"2560\" \/>\n\t<meta property=\"og:image:type\" content=\"image\/jpeg\" \/>\n<meta name=\"twitter:card\" content=\"summary_large_image\" \/>\n<meta name=\"twitter:label1\" content=\"Dur\u00e9e de lecture estim\u00e9e\" \/>\n\t<meta name=\"twitter:data1\" content=\"1 minute\" \/>\n<script type=\"application\/ld+json\" class=\"yoast-schema-graph\">{\"@context\":\"https:\/\/schema.org\",\"@graph\":[{\"@type\":\"WebPage\",\"@id\":\"https:\/\/guimauve-iris.fr\/index.php\/produit\/poupee-lapin-collection-blossom\/\",\"url\":\"https:\/\/guimauve-iris.fr\/index.php\/produit\/poupee-lapin-collection-blossom\/\",\"name\":\"Poup\u00e9e lapin collection Blossom - Guimauve &amp; Iris\",\"isPartOf\":{\"@id\":\"https:\/\/guimauve-iris.fr\/#website\"},\"primaryImageOfPage\":{\"@id\":\"https:\/\/guimauve-iris.fr\/index.php\/produit\/poupee-lapin-collection-blossom\/#primaryimage\"},\"image\":{\"@id\":\"https:\/\/guimauve-iris.fr\/index.php\/produit\/poupee-lapin-collection-blossom\/#primaryimage\"},\"thumbnailUrl\":\"https:\/\/guimauve-iris.fr\/wp-content\/uploads\/2024\/05\/KOLORO_1714853516293-scaled.jpg\",\"datePublished\":\"2024-05-05T09:00:50+00:00\",\"description\":\"De jolies poup\u00e9es de chiffon fabriqu\u00e9es \u00e0 la main avec amour. Ces petits lapins aux oreilles toutes douces d\u00e9coreront \u00e0 merveille la chambre de votre enfant\",\"breadcrumb\":{\"@id\":\"https:\/\/guimauve-iris.fr\/index.php\/produit\/poupee-lapin-collection-blossom\/#breadcrumb\"},\"inLanguage\":\"fr-FR\",\"potentialAction\":[{\"@type\":\"ReadAction\",\"target\":[\"https:\/\/guimauve-iris.fr\/index.php\/produit\/poupee-lapin-collection-blossom\/\"]}]},{\"@type\":\"ImageObject\",\"inLanguage\":\"fr-FR\",\"@id\":\"https:\/\/guimauve-iris.fr\/index.php\/produit\/poupee-lapin-collection-blossom\/#primaryimage\",\"url\":\"https:\/\/guimauve-iris.fr\/wp-content\/uploads\/2024\/05\/KOLORO_1714853516293-scaled.jpg\",\"contentUrl\":\"https:\/\/guimauve-iris.fr\/wp-content\/uploads\/2024\/05\/KOLORO_1714853516293-scaled.jpg\",\"width\":1920,\"height\":2560},{\"@type\":\"BreadcrumbList\",\"@id\":\"https:\/\/guimauve-iris.fr\/index.php\/produit\/poupee-lapin-collection-blossom\/#breadcrumb\",\"itemListElement\":[{\"@type\":\"ListItem\",\"position\":1,\"name\":\"Accueil\",\"item\":\"https:\/\/guimauve-iris.fr\/\"},{\"@type\":\"ListItem\",\"position\":2,\"name\":\"Boutique\",\"item\":\"https:\/\/guimauve-iris.fr\/index.php\/boutique\/\"},{\"@type\":\"ListItem\",\"position\":3,\"name\":\"Poup\u00e9e lapin collection Blossom\"}]},{\"@type\":\"WebSite\",\"@id\":\"https:\/\/guimauve-iris.fr\/#website\",\"url\":\"https:\/\/guimauve-iris.fr\/\",\"name\":\"Guimauve &amp; Iris\",\"description\":\"Pour les petits mais surtout grands \u00e9v\u00e8nements de la vie !\",\"publisher\":{\"@id\":\"https:\/\/guimauve-iris.fr\/#\/schema\/person\/5d02a95ddbd5f4035370a50695fd3860\"},\"potentialAction\":[{\"@type\":\"SearchAction\",\"target\":{\"@type\":\"EntryPoint\",\"urlTemplate\":\"https:\/\/guimauve-iris.fr\/?s={search_term_string}\"},\"query-input\":{\"@type\":\"PropertyValueSpecification\",\"valueRequired\":true,\"valueName\":\"search_term_string\"}}],\"inLanguage\":\"fr-FR\"},{\"@type\":[\"Person\",\"Organization\"],\"@id\":\"https:\/\/guimauve-iris.fr\/#\/schema\/person\/5d02a95ddbd5f4035370a50695fd3860\",\"name\":\"Chlo\u00e9\",\"image\":{\"@type\":\"ImageObject\",\"inLanguage\":\"fr-FR\",\"@id\":\"https:\/\/guimauve-iris.fr\/#\/schema\/person\/image\/\",\"url\":\"https:\/\/guimauve-iris.fr\/wp-content\/uploads\/2022\/10\/cropped-cropped-Logo_Guimauve_et_Iris.png\",\"contentUrl\":\"https:\/\/guimauve-iris.fr\/wp-content\/uploads\/2022\/10\/cropped-cropped-Logo_Guimauve_et_Iris.png\",\"width\":512,\"height\":512,\"caption\":\"Chlo\u00e9\"},\"logo\":{\"@id\":\"https:\/\/guimauve-iris.fr\/#\/schema\/person\/image\/\"},\"sameAs\":[\"http:\/\/guimauve-iris.fr\",\"https:\/\/www.instagram.com\/chloe_creations_naissance\/\"]}]}<\/script>\n<!-- \/ Yoast SEO plugin. -->","yoast_head_json":{"title":"Poup\u00e9e lapin collection Blossom - Guimauve &amp; Iris","description":"De jolies poup\u00e9es de chiffon fabriqu\u00e9es \u00e0 la main avec amour. Ces petits lapins aux oreilles toutes douces d\u00e9coreront \u00e0 merveille la chambre de votre enfant","robots":{"index":"index","follow":"follow","max-snippet":"max-snippet:-1","max-image-preview":"max-image-preview:large","max-video-preview":"max-video-preview:-1"},"canonical":"https:\/\/guimauve-iris.fr\/index.php\/produit\/poupee-lapin-collection-blossom\/","og_locale":"fr_FR","og_type":"article","og_title":"Poup\u00e9e lapin collection Blossom - Guimauve &amp; Iris","og_description":"De jolies poup\u00e9es de chiffon fabriqu\u00e9es \u00e0 la main avec amour. Ces petits lapins aux oreilles toutes douces d\u00e9coreront \u00e0 merveille la chambre de votre enfant","og_url":"https:\/\/guimauve-iris.fr\/index.php\/produit\/poupee-lapin-collection-blossom\/","og_site_name":"Guimauve &amp; Iris","og_image":[{"width":1920,"height":2560,"url":"https:\/\/guimauve-iris.fr\/wp-content\/uploads\/2024\/05\/KOLORO_1714853516293-scaled.jpg","type":"image\/jpeg"}],"twitter_card":"summary_large_image","twitter_misc":{"Dur\u00e9e de lecture estim\u00e9e":"1 minute"},"schema":{"@context":"https:\/\/schema.org","@graph":[{"@type":"WebPage","@id":"https:\/\/guimauve-iris.fr\/index.php\/produit\/poupee-lapin-collection-blossom\/","url":"https:\/\/guimauve-iris.fr\/index.php\/produit\/poupee-lapin-collection-blossom\/","name":"Poup\u00e9e lapin collection Blossom - Guimauve &amp; Iris","isPartOf":{"@id":"https:\/\/guimauve-iris.fr\/#website"},"primaryImageOfPage":{"@id":"https:\/\/guimauve-iris.fr\/index.php\/produit\/poupee-lapin-collection-blossom\/#primaryimage"},"image":{"@id":"https:\/\/guimauve-iris.fr\/index.php\/produit\/poupee-lapin-collection-blossom\/#primaryimage"},"thumbnailUrl":"https:\/\/guimauve-iris.fr\/wp-content\/uploads\/2024\/05\/KOLORO_1714853516293-scaled.jpg","datePublished":"2024-05-05T09:00:50+00:00","description":"De jolies poup\u00e9es de chiffon fabriqu\u00e9es \u00e0 la main avec amour. Ces petits lapins aux oreilles toutes douces d\u00e9coreront \u00e0 merveille la chambre de votre enfant","breadcrumb":{"@id":"https:\/\/guimauve-iris.fr\/index.php\/produit\/poupee-lapin-collection-blossom\/#breadcrumb"},"inLanguage":"fr-FR","potentialAction":[{"@type":"ReadAction","target":["https:\/\/guimauve-iris.fr\/index.php\/produit\/poupee-lapin-collection-blossom\/"]}]},{"@type":"ImageObject","inLanguage":"fr-FR","@id":"https:\/\/guimauve-iris.fr\/index.php\/produit\/poupee-lapin-collection-blossom\/#primaryimage","url":"https:\/\/guimauve-iris.fr\/wp-content\/uploads\/2024\/05\/KOLORO_1714853516293-scaled.jpg","contentUrl":"https:\/\/guimauve-iris.fr\/wp-content\/uploads\/2024\/05\/KOLORO_1714853516293-scaled.jpg","width":1920,"height":2560},{"@type":"BreadcrumbList","@id":"https:\/\/guimauve-iris.fr\/index.php\/produit\/poupee-lapin-collection-blossom\/#breadcrumb","itemListElement":[{"@type":"ListItem","position":1,"name":"Accueil","item":"https:\/\/guimauve-iris.fr\/"},{"@type":"ListItem","position":2,"name":"Boutique","item":"https:\/\/guimauve-iris.fr\/index.php\/boutique\/"},{"@type":"ListItem","position":3,"name":"Poup\u00e9e lapin collection Blossom"}]},{"@type":"WebSite","@id":"https:\/\/guimauve-iris.fr\/#website","url":"https:\/\/guimauve-iris.fr\/","name":"Guimauve &amp; Iris","description":"Pour les petits mais surtout grands \u00e9v\u00e8nements de la vie !","publisher":{"@id":"https:\/\/guimauve-iris.fr\/#\/schema\/person\/5d02a95ddbd5f4035370a50695fd3860"},"potentialAction":[{"@type":"SearchAction","target":{"@type":"EntryPoint","urlTemplate":"https:\/\/guimauve-iris.fr\/?s={search_term_string}"},"query-input":{"@type":"PropertyValueSpecification","valueRequired":true,"valueName":"search_term_string"}}],"inLanguage":"fr-FR"},{"@type":["Person","Organization"],"@id":"https:\/\/guimauve-iris.fr\/#\/schema\/person\/5d02a95ddbd5f4035370a50695fd3860","name":"Chlo\u00e9","image":{"@type":"ImageObject","inLanguage":"fr-FR","@id":"https:\/\/guimauve-iris.fr\/#\/schema\/person\/image\/","url":"https:\/\/guimauve-iris.fr\/wp-content\/uploads\/2022\/10\/cropped-cropped-Logo_Guimauve_et_Iris.png","contentUrl":"https:\/\/guimauve-iris.fr\/wp-content\/uploads\/2022\/10\/cropped-cropped-Logo_Guimauve_et_Iris.png","width":512,"height":512,"caption":"Chlo\u00e9"},"logo":{"@id":"https:\/\/guimauve-iris.fr\/#\/schema\/person\/image\/"},"sameAs":["http:\/\/guimauve-iris.fr","https:\/\/www.instagram.com\/chloe_creations_naissance\/"]}]}},"_links":{"self":[{"href":"https:\/\/guimauve-iris.fr\/index.php\/wp-json\/wp\/v2\/product\/773","targetHints":{"allow":["GET"]}}],"collection":[{"href":"https:\/\/guimauve-iris.fr\/index.php\/wp-json\/wp\/v2\/product"}],"about":[{"href":"https:\/\/guimauve-iris.fr\/index.php\/wp-json\/wp\/v2\/types\/product"}],"replies":[{"embeddable":true,"href":"https:\/\/guimauve-iris.fr\/index.php\/wp-json\/wp\/v2\/comments?post=773"}],"wp:featuredmedia":[{"embeddable":true,"href":"https:\/\/guimauve-iris.fr\/index.php\/wp-json\/wp\/v2\/media\/778"}],"wp:attachment":[{"href":"https:\/\/guimauve-iris.fr\/index.php\/wp-json\/wp\/v2\/media?parent=773"}],"wp:term":[{"taxonomy":"product_brand","embeddable":true,"href":"https:\/\/guimauve-iris.fr\/index.php\/wp-json\/wp\/v2\/product_brand?post=773"},{"taxonomy":"product_cat","embeddable":true,"href":"https:\/\/guimauve-iris.fr\/index.php\/wp-json\/wp\/v2\/product_cat?post=773"},{"taxonomy":"product_tag","embeddable":true,"href":"https:\/\/guimauve-iris.fr\/index.php\/wp-json\/wp\/v2\/product_tag?post=773"}],"curies":[{"name":"wp","href":"https:\/\/api.w.org\/{rel}","templated":true}]}}