{"id":750,"date":"2024-02-22T14:53:24","date_gmt":"2024-02-22T13:53:24","guid":{"rendered":"https:\/\/guimauve-iris.fr\/?post_type=product&#038;p=750"},"modified":"2024-02-22T14:54:42","modified_gmt":"2024-02-22T13:54:42","slug":"cuillere-message-je-peux-tappeler-marraine","status":"publish","type":"product","link":"https:\/\/guimauve-iris.fr\/index.php\/produit\/cuillere-message-je-peux-tappeler-marraine\/","title":{"rendered":"Cuill\u00e8re message \u00ab\u00a0Je peux t&rsquo;appeler Marraine?\u00a0\u00bb"},"content":{"rendered":"<p>Cuill\u00e8re \u00e0 dessert en inox grav\u00e9e \u00e0 la main avec amour.<\/p>\n<p>Invitez vos proches pour le dessert et laissez les d\u00e9couvrir la bonne nouvelle apr\u00e8s la premi\u00e8re bouch\u00e9e.<\/p>\n<p>Cette cuill\u00e8re porte le message \u00ab\u00a0Je peux t&rsquo;appeler Marraine ?\u00a0\u00bb illustr\u00e9e par mes soins.<\/p>\n<p>Produit exclusif \u00e0 Guimauve &amp; Iris<\/p>\n","protected":false},"excerpt":{"rendered":"<p>Annoncez un heureux \u00e9v\u00e8nement de mani\u00e8re originale autour d&rsquo;une part de tarte ou de g\u00e2teau.<\/p>\n","protected":false},"featured_media":744,"comment_status":"open","ping_status":"closed","template":"","meta":{"_monsterinsights_skip_tracking":false,"_monsterinsights_sitenote_active":false,"_monsterinsights_sitenote_note":"","_monsterinsights_sitenote_category":0},"product_brand":[],"product_cat":[29],"product_tag":[151,153,155,152,154],"class_list":{"0":"post-750","1":"product","2":"type-product","3":"status-publish","4":"has-post-thumbnail","6":"product_cat-annonce-grossesse","7":"product_tag-annonce","8":"product_tag-bebe","9":"product_tag-demande-marraine","10":"product_tag-grossesse","11":"product_tag-marraine","13":"entry","14":"has-media","16":"first","17":"instock","18":"shipping-taxable","19":"purchasable","20":"product-type-simple","21":"has-product-nav","22":"col","23":"span_1_of_3","24":"owp-content-center","25":"owp-thumbs-layout-horizontal","26":"owp-btn-normal","27":"owp-tabs-layout-horizontal"},"yoast_head":"<!-- This site is optimized with the Yoast SEO plugin v27.0 - https:\/\/yoast.com\/product\/yoast-seo-wordpress\/ -->\n<title>Cuill\u00e8re message &quot;Je peux t&#039;appeler Marraine?&quot; - Guimauve &amp; Iris<\/title>\n<meta name=\"description\" content=\"Une annonce de grossesse originale pour vos proches autour d&#039;une douceur sucr\u00e9e. Annoncez l&#039;arriv\u00e9e de votre b\u00e9b\u00e9 avec nos cuill\u00e8res message.\" \/>\n<meta name=\"robots\" content=\"index, follow, max-snippet:-1, max-image-preview:large, max-video-preview:-1\" \/>\n<link rel=\"canonical\" href=\"https:\/\/guimauve-iris.fr\/index.php\/produit\/cuillere-message-je-peux-tappeler-marraine\/\" \/>\n<meta property=\"og:locale\" content=\"fr_FR\" \/>\n<meta property=\"og:type\" content=\"article\" \/>\n<meta property=\"og:title\" content=\"Cuill\u00e8re message &quot;Je peux t&#039;appeler Marraine?&quot; - Guimauve &amp; Iris\" \/>\n<meta property=\"og:description\" content=\"Une annonce de grossesse originale pour vos proches autour d&#039;une douceur sucr\u00e9e. Annoncez l&#039;arriv\u00e9e de votre b\u00e9b\u00e9 avec nos cuill\u00e8res message.\" \/>\n<meta property=\"og:url\" content=\"https:\/\/guimauve-iris.fr\/index.php\/produit\/cuillere-message-je-peux-tappeler-marraine\/\" \/>\n<meta property=\"og:site_name\" content=\"Guimauve &amp; Iris\" \/>\n<meta property=\"article:modified_time\" content=\"2024-02-22T13:54:42+00:00\" \/>\n<meta property=\"og:image\" content=\"https:\/\/guimauve-iris.fr\/wp-content\/uploads\/2024\/02\/KOLORO_1701195894290-scaled.jpg\" \/>\n\t<meta property=\"og:image:width\" content=\"1920\" \/>\n\t<meta property=\"og:image:height\" content=\"2560\" \/>\n\t<meta property=\"og:image:type\" content=\"image\/jpeg\" \/>\n<meta name=\"twitter:card\" content=\"summary_large_image\" \/>\n<meta name=\"twitter:label1\" content=\"Dur\u00e9e de lecture estim\u00e9e\" \/>\n\t<meta name=\"twitter:data1\" content=\"1 minute\" \/>\n<script type=\"application\/ld+json\" class=\"yoast-schema-graph\">{\"@context\":\"https:\/\/schema.org\",\"@graph\":[{\"@type\":\"WebPage\",\"@id\":\"https:\/\/guimauve-iris.fr\/index.php\/produit\/cuillere-message-je-peux-tappeler-marraine\/\",\"url\":\"https:\/\/guimauve-iris.fr\/index.php\/produit\/cuillere-message-je-peux-tappeler-marraine\/\",\"name\":\"Cuill\u00e8re message \\\"Je peux t'appeler Marraine?\\\" - Guimauve &amp; Iris\",\"isPartOf\":{\"@id\":\"https:\/\/guimauve-iris.fr\/#website\"},\"primaryImageOfPage\":{\"@id\":\"https:\/\/guimauve-iris.fr\/index.php\/produit\/cuillere-message-je-peux-tappeler-marraine\/#primaryimage\"},\"image\":{\"@id\":\"https:\/\/guimauve-iris.fr\/index.php\/produit\/cuillere-message-je-peux-tappeler-marraine\/#primaryimage\"},\"thumbnailUrl\":\"https:\/\/guimauve-iris.fr\/wp-content\/uploads\/2024\/02\/KOLORO_1701195894290-scaled.jpg\",\"datePublished\":\"2024-02-22T13:53:24+00:00\",\"dateModified\":\"2024-02-22T13:54:42+00:00\",\"description\":\"Une annonce de grossesse originale pour vos proches autour d'une douceur sucr\u00e9e. Annoncez l'arriv\u00e9e de votre b\u00e9b\u00e9 avec nos cuill\u00e8res message.\",\"breadcrumb\":{\"@id\":\"https:\/\/guimauve-iris.fr\/index.php\/produit\/cuillere-message-je-peux-tappeler-marraine\/#breadcrumb\"},\"inLanguage\":\"fr-FR\",\"potentialAction\":[{\"@type\":\"ReadAction\",\"target\":[\"https:\/\/guimauve-iris.fr\/index.php\/produit\/cuillere-message-je-peux-tappeler-marraine\/\"]}]},{\"@type\":\"ImageObject\",\"inLanguage\":\"fr-FR\",\"@id\":\"https:\/\/guimauve-iris.fr\/index.php\/produit\/cuillere-message-je-peux-tappeler-marraine\/#primaryimage\",\"url\":\"https:\/\/guimauve-iris.fr\/wp-content\/uploads\/2024\/02\/KOLORO_1701195894290-scaled.jpg\",\"contentUrl\":\"https:\/\/guimauve-iris.fr\/wp-content\/uploads\/2024\/02\/KOLORO_1701195894290-scaled.jpg\",\"width\":1920,\"height\":2560},{\"@type\":\"BreadcrumbList\",\"@id\":\"https:\/\/guimauve-iris.fr\/index.php\/produit\/cuillere-message-je-peux-tappeler-marraine\/#breadcrumb\",\"itemListElement\":[{\"@type\":\"ListItem\",\"position\":1,\"name\":\"Accueil\",\"item\":\"https:\/\/guimauve-iris.fr\/\"},{\"@type\":\"ListItem\",\"position\":2,\"name\":\"Boutique\",\"item\":\"https:\/\/guimauve-iris.fr\/index.php\/boutique\/\"},{\"@type\":\"ListItem\",\"position\":3,\"name\":\"Cuill\u00e8re message &#8220;Je peux t&#8217;appeler Marraine?&#8221;\"}]},{\"@type\":\"WebSite\",\"@id\":\"https:\/\/guimauve-iris.fr\/#website\",\"url\":\"https:\/\/guimauve-iris.fr\/\",\"name\":\"Guimauve &amp; Iris\",\"description\":\"Pour les petits mais surtout grands \u00e9v\u00e8nements de la vie !\",\"publisher\":{\"@id\":\"https:\/\/guimauve-iris.fr\/#\/schema\/person\/5d02a95ddbd5f4035370a50695fd3860\"},\"potentialAction\":[{\"@type\":\"SearchAction\",\"target\":{\"@type\":\"EntryPoint\",\"urlTemplate\":\"https:\/\/guimauve-iris.fr\/?s={search_term_string}\"},\"query-input\":{\"@type\":\"PropertyValueSpecification\",\"valueRequired\":true,\"valueName\":\"search_term_string\"}}],\"inLanguage\":\"fr-FR\"},{\"@type\":[\"Person\",\"Organization\"],\"@id\":\"https:\/\/guimauve-iris.fr\/#\/schema\/person\/5d02a95ddbd5f4035370a50695fd3860\",\"name\":\"Chlo\u00e9\",\"image\":{\"@type\":\"ImageObject\",\"inLanguage\":\"fr-FR\",\"@id\":\"https:\/\/guimauve-iris.fr\/#\/schema\/person\/image\/\",\"url\":\"https:\/\/guimauve-iris.fr\/wp-content\/uploads\/2022\/10\/cropped-cropped-Logo_Guimauve_et_Iris.png\",\"contentUrl\":\"https:\/\/guimauve-iris.fr\/wp-content\/uploads\/2022\/10\/cropped-cropped-Logo_Guimauve_et_Iris.png\",\"width\":512,\"height\":512,\"caption\":\"Chlo\u00e9\"},\"logo\":{\"@id\":\"https:\/\/guimauve-iris.fr\/#\/schema\/person\/image\/\"},\"sameAs\":[\"http:\/\/guimauve-iris.fr\",\"https:\/\/www.instagram.com\/chloe_creations_naissance\/\"]}]}<\/script>\n<!-- \/ Yoast SEO plugin. -->","yoast_head_json":{"title":"Cuill\u00e8re message \"Je peux t'appeler Marraine?\" - Guimauve &amp; Iris","description":"Une annonce de grossesse originale pour vos proches autour d'une douceur sucr\u00e9e. Annoncez l'arriv\u00e9e de votre b\u00e9b\u00e9 avec nos cuill\u00e8res message.","robots":{"index":"index","follow":"follow","max-snippet":"max-snippet:-1","max-image-preview":"max-image-preview:large","max-video-preview":"max-video-preview:-1"},"canonical":"https:\/\/guimauve-iris.fr\/index.php\/produit\/cuillere-message-je-peux-tappeler-marraine\/","og_locale":"fr_FR","og_type":"article","og_title":"Cuill\u00e8re message \"Je peux t'appeler Marraine?\" - Guimauve &amp; Iris","og_description":"Une annonce de grossesse originale pour vos proches autour d'une douceur sucr\u00e9e. Annoncez l'arriv\u00e9e de votre b\u00e9b\u00e9 avec nos cuill\u00e8res message.","og_url":"https:\/\/guimauve-iris.fr\/index.php\/produit\/cuillere-message-je-peux-tappeler-marraine\/","og_site_name":"Guimauve &amp; Iris","article_modified_time":"2024-02-22T13:54:42+00:00","og_image":[{"width":1920,"height":2560,"url":"https:\/\/guimauve-iris.fr\/wp-content\/uploads\/2024\/02\/KOLORO_1701195894290-scaled.jpg","type":"image\/jpeg"}],"twitter_card":"summary_large_image","twitter_misc":{"Dur\u00e9e de lecture estim\u00e9e":"1 minute"},"schema":{"@context":"https:\/\/schema.org","@graph":[{"@type":"WebPage","@id":"https:\/\/guimauve-iris.fr\/index.php\/produit\/cuillere-message-je-peux-tappeler-marraine\/","url":"https:\/\/guimauve-iris.fr\/index.php\/produit\/cuillere-message-je-peux-tappeler-marraine\/","name":"Cuill\u00e8re message \"Je peux t'appeler Marraine?\" - Guimauve &amp; Iris","isPartOf":{"@id":"https:\/\/guimauve-iris.fr\/#website"},"primaryImageOfPage":{"@id":"https:\/\/guimauve-iris.fr\/index.php\/produit\/cuillere-message-je-peux-tappeler-marraine\/#primaryimage"},"image":{"@id":"https:\/\/guimauve-iris.fr\/index.php\/produit\/cuillere-message-je-peux-tappeler-marraine\/#primaryimage"},"thumbnailUrl":"https:\/\/guimauve-iris.fr\/wp-content\/uploads\/2024\/02\/KOLORO_1701195894290-scaled.jpg","datePublished":"2024-02-22T13:53:24+00:00","dateModified":"2024-02-22T13:54:42+00:00","description":"Une annonce de grossesse originale pour vos proches autour d'une douceur sucr\u00e9e. Annoncez l'arriv\u00e9e de votre b\u00e9b\u00e9 avec nos cuill\u00e8res message.","breadcrumb":{"@id":"https:\/\/guimauve-iris.fr\/index.php\/produit\/cuillere-message-je-peux-tappeler-marraine\/#breadcrumb"},"inLanguage":"fr-FR","potentialAction":[{"@type":"ReadAction","target":["https:\/\/guimauve-iris.fr\/index.php\/produit\/cuillere-message-je-peux-tappeler-marraine\/"]}]},{"@type":"ImageObject","inLanguage":"fr-FR","@id":"https:\/\/guimauve-iris.fr\/index.php\/produit\/cuillere-message-je-peux-tappeler-marraine\/#primaryimage","url":"https:\/\/guimauve-iris.fr\/wp-content\/uploads\/2024\/02\/KOLORO_1701195894290-scaled.jpg","contentUrl":"https:\/\/guimauve-iris.fr\/wp-content\/uploads\/2024\/02\/KOLORO_1701195894290-scaled.jpg","width":1920,"height":2560},{"@type":"BreadcrumbList","@id":"https:\/\/guimauve-iris.fr\/index.php\/produit\/cuillere-message-je-peux-tappeler-marraine\/#breadcrumb","itemListElement":[{"@type":"ListItem","position":1,"name":"Accueil","item":"https:\/\/guimauve-iris.fr\/"},{"@type":"ListItem","position":2,"name":"Boutique","item":"https:\/\/guimauve-iris.fr\/index.php\/boutique\/"},{"@type":"ListItem","position":3,"name":"Cuill\u00e8re message &#8220;Je peux t&#8217;appeler Marraine?&#8221;"}]},{"@type":"WebSite","@id":"https:\/\/guimauve-iris.fr\/#website","url":"https:\/\/guimauve-iris.fr\/","name":"Guimauve &amp; Iris","description":"Pour les petits mais surtout grands \u00e9v\u00e8nements de la vie !","publisher":{"@id":"https:\/\/guimauve-iris.fr\/#\/schema\/person\/5d02a95ddbd5f4035370a50695fd3860"},"potentialAction":[{"@type":"SearchAction","target":{"@type":"EntryPoint","urlTemplate":"https:\/\/guimauve-iris.fr\/?s={search_term_string}"},"query-input":{"@type":"PropertyValueSpecification","valueRequired":true,"valueName":"search_term_string"}}],"inLanguage":"fr-FR"},{"@type":["Person","Organization"],"@id":"https:\/\/guimauve-iris.fr\/#\/schema\/person\/5d02a95ddbd5f4035370a50695fd3860","name":"Chlo\u00e9","image":{"@type":"ImageObject","inLanguage":"fr-FR","@id":"https:\/\/guimauve-iris.fr\/#\/schema\/person\/image\/","url":"https:\/\/guimauve-iris.fr\/wp-content\/uploads\/2022\/10\/cropped-cropped-Logo_Guimauve_et_Iris.png","contentUrl":"https:\/\/guimauve-iris.fr\/wp-content\/uploads\/2022\/10\/cropped-cropped-Logo_Guimauve_et_Iris.png","width":512,"height":512,"caption":"Chlo\u00e9"},"logo":{"@id":"https:\/\/guimauve-iris.fr\/#\/schema\/person\/image\/"},"sameAs":["http:\/\/guimauve-iris.fr","https:\/\/www.instagram.com\/chloe_creations_naissance\/"]}]}},"_links":{"self":[{"href":"https:\/\/guimauve-iris.fr\/index.php\/wp-json\/wp\/v2\/product\/750","targetHints":{"allow":["GET"]}}],"collection":[{"href":"https:\/\/guimauve-iris.fr\/index.php\/wp-json\/wp\/v2\/product"}],"about":[{"href":"https:\/\/guimauve-iris.fr\/index.php\/wp-json\/wp\/v2\/types\/product"}],"replies":[{"embeddable":true,"href":"https:\/\/guimauve-iris.fr\/index.php\/wp-json\/wp\/v2\/comments?post=750"}],"wp:featuredmedia":[{"embeddable":true,"href":"https:\/\/guimauve-iris.fr\/index.php\/wp-json\/wp\/v2\/media\/744"}],"wp:attachment":[{"href":"https:\/\/guimauve-iris.fr\/index.php\/wp-json\/wp\/v2\/media?parent=750"}],"wp:term":[{"taxonomy":"product_brand","embeddable":true,"href":"https:\/\/guimauve-iris.fr\/index.php\/wp-json\/wp\/v2\/product_brand?post=750"},{"taxonomy":"product_cat","embeddable":true,"href":"https:\/\/guimauve-iris.fr\/index.php\/wp-json\/wp\/v2\/product_cat?post=750"},{"taxonomy":"product_tag","embeddable":true,"href":"https:\/\/guimauve-iris.fr\/index.php\/wp-json\/wp\/v2\/product_tag?post=750"}],"curies":[{"name":"wp","href":"https:\/\/api.w.org\/{rel}","templated":true}]}}