{"id":66,"date":"2022-10-30T19:39:16","date_gmt":"2022-10-30T18:39:16","guid":{"rendered":"http:\/\/guimauve-iris.fr\/?post_type=product&#038;p=66"},"modified":"2024-02-22T15:56:38","modified_gmt":"2024-02-22T14:56:38","slug":"mon-ventre-sarrondit","status":"publish","type":"product","link":"https:\/\/guimauve-iris.fr\/index.php\/produit\/mon-ventre-sarrondit\/","title":{"rendered":"Mon ventre s&rsquo;arrondit"},"content":{"rendered":"<p>Ce jeu comporte 8 cartes repr\u00e9sente le ventre d&rsquo;une future m\u00e8re s&rsquo;arrondissant au fil des semaines.<\/p>\n<p>Tout comme le ventre s&rsquo;arrondit au fil des semaines, votre enfant \u00e0 na\u00eetre grandit, il est symbolis\u00e9 pour chaque carte par un fruit ou un l\u00e9gume de taille \u00e9quivalente.<\/p>\n<p>Les cartes vous sont livr\u00e9es dans leur \u00e9tui telles un vrai jeu de cartes \u00e0 jouer.<\/p>\n<p>Format A5, coins arrondis.<\/p>\n","protected":false},"excerpt":{"rendered":"<p>Ce jeu de 8 cartes vous permettra d&rsquo;immortaliser votre grossesse \u00e0 partir de la huiti\u00e8me semaine et ce jusqu&rsquo;\u00e0 la trente-neuvi\u00e8me.<\/p>\n<p>Installez vous dans un endroit lumineux, tenez la carte correspondante pr\u00e8s de votre ventre et photographiez !<\/p>\n<p>Immortalisez ainsi cette p\u00e9riode unique !<\/p>\n","protected":false},"featured_media":609,"comment_status":"open","ping_status":"closed","template":"","meta":{"_monsterinsights_skip_tracking":false,"_monsterinsights_sitenote_active":false,"_monsterinsights_sitenote_note":"","_monsterinsights_sitenote_category":0},"product_brand":[],"product_cat":[27,28],"product_tag":[],"class_list":{"0":"post-66","1":"product","2":"type-product","3":"status-publish","4":"has-post-thumbnail","6":"product_cat-grossesse","7":"product_cat-jeu-de-cartes-mon-ventre-sarrondit","9":"entry","10":"has-media","12":"first","13":"instock","14":"shipping-taxable","15":"purchasable","16":"product-type-simple","17":"has-product-nav","18":"col","19":"span_1_of_3","20":"owp-content-center","21":"owp-thumbs-layout-horizontal","22":"owp-btn-normal","23":"owp-tabs-layout-horizontal"},"yoast_head":"<!-- This site is optimized with the Yoast SEO plugin v27.0 - https:\/\/yoast.com\/product\/yoast-seo-wordpress\/ -->\n<title>Mon ventre s&#039;arrondit - Guimauve &amp; Iris<\/title>\n<meta name=\"robots\" content=\"index, follow, max-snippet:-1, max-image-preview:large, max-video-preview:-1\" \/>\n<link rel=\"canonical\" href=\"https:\/\/guimauve-iris.fr\/index.php\/produit\/mon-ventre-sarrondit\/\" \/>\n<meta property=\"og:locale\" content=\"fr_FR\" \/>\n<meta property=\"og:type\" content=\"article\" \/>\n<meta property=\"og:title\" content=\"Mon ventre s&#039;arrondit - Guimauve &amp; Iris\" \/>\n<meta property=\"og:description\" content=\"Ce jeu de 8 cartes vous permettra d&#039;immortaliser votre grossesse \u00e0 partir de la huiti\u00e8me semaine et ce jusqu&#039;\u00e0 la trente-neuvi\u00e8me.  Installez vous dans un endroit lumineux, tenez la carte correspondante pr\u00e8s de votre ventre et photographiez !  Immortalisez ainsi cette p\u00e9riode unique !\" \/>\n<meta property=\"og:url\" content=\"https:\/\/guimauve-iris.fr\/index.php\/produit\/mon-ventre-sarrondit\/\" \/>\n<meta property=\"og:site_name\" content=\"Guimauve &amp; Iris\" \/>\n<meta property=\"article:modified_time\" content=\"2024-02-22T14:56:38+00:00\" \/>\n<meta property=\"og:image\" content=\"https:\/\/guimauve-iris.fr\/wp-content\/uploads\/2022\/10\/KOLORO_1673970023560-scaled.jpg\" \/>\n\t<meta property=\"og:image:width\" content=\"1920\" \/>\n\t<meta property=\"og:image:height\" content=\"2560\" \/>\n\t<meta property=\"og:image:type\" content=\"image\/jpeg\" \/>\n<meta name=\"twitter:card\" content=\"summary_large_image\" \/>\n<meta name=\"twitter:label1\" content=\"Dur\u00e9e de lecture estim\u00e9e\" \/>\n\t<meta name=\"twitter:data1\" content=\"1 minute\" \/>\n<script type=\"application\/ld+json\" class=\"yoast-schema-graph\">{\"@context\":\"https:\/\/schema.org\",\"@graph\":[{\"@type\":\"WebPage\",\"@id\":\"https:\/\/guimauve-iris.fr\/index.php\/produit\/mon-ventre-sarrondit\/\",\"url\":\"https:\/\/guimauve-iris.fr\/index.php\/produit\/mon-ventre-sarrondit\/\",\"name\":\"Mon ventre s'arrondit - Guimauve &amp; Iris\",\"isPartOf\":{\"@id\":\"https:\/\/guimauve-iris.fr\/#website\"},\"primaryImageOfPage\":{\"@id\":\"https:\/\/guimauve-iris.fr\/index.php\/produit\/mon-ventre-sarrondit\/#primaryimage\"},\"image\":{\"@id\":\"https:\/\/guimauve-iris.fr\/index.php\/produit\/mon-ventre-sarrondit\/#primaryimage\"},\"thumbnailUrl\":\"https:\/\/guimauve-iris.fr\/wp-content\/uploads\/2022\/10\/KOLORO_1673970023560-scaled.jpg\",\"datePublished\":\"2022-10-30T18:39:16+00:00\",\"dateModified\":\"2024-02-22T14:56:38+00:00\",\"breadcrumb\":{\"@id\":\"https:\/\/guimauve-iris.fr\/index.php\/produit\/mon-ventre-sarrondit\/#breadcrumb\"},\"inLanguage\":\"fr-FR\",\"potentialAction\":[{\"@type\":\"ReadAction\",\"target\":[\"https:\/\/guimauve-iris.fr\/index.php\/produit\/mon-ventre-sarrondit\/\"]}]},{\"@type\":\"ImageObject\",\"inLanguage\":\"fr-FR\",\"@id\":\"https:\/\/guimauve-iris.fr\/index.php\/produit\/mon-ventre-sarrondit\/#primaryimage\",\"url\":\"https:\/\/guimauve-iris.fr\/wp-content\/uploads\/2022\/10\/KOLORO_1673970023560-scaled.jpg\",\"contentUrl\":\"https:\/\/guimauve-iris.fr\/wp-content\/uploads\/2022\/10\/KOLORO_1673970023560-scaled.jpg\",\"width\":1920,\"height\":2560},{\"@type\":\"BreadcrumbList\",\"@id\":\"https:\/\/guimauve-iris.fr\/index.php\/produit\/mon-ventre-sarrondit\/#breadcrumb\",\"itemListElement\":[{\"@type\":\"ListItem\",\"position\":1,\"name\":\"Accueil\",\"item\":\"https:\/\/guimauve-iris.fr\/\"},{\"@type\":\"ListItem\",\"position\":2,\"name\":\"Boutique\",\"item\":\"https:\/\/guimauve-iris.fr\/index.php\/boutique\/\"},{\"@type\":\"ListItem\",\"position\":3,\"name\":\"Mon ventre s&#8217;arrondit\"}]},{\"@type\":\"WebSite\",\"@id\":\"https:\/\/guimauve-iris.fr\/#website\",\"url\":\"https:\/\/guimauve-iris.fr\/\",\"name\":\"Guimauve &amp; Iris\",\"description\":\"Pour les petits mais surtout grands \u00e9v\u00e8nements de la vie !\",\"publisher\":{\"@id\":\"https:\/\/guimauve-iris.fr\/#\/schema\/person\/5d02a95ddbd5f4035370a50695fd3860\"},\"potentialAction\":[{\"@type\":\"SearchAction\",\"target\":{\"@type\":\"EntryPoint\",\"urlTemplate\":\"https:\/\/guimauve-iris.fr\/?s={search_term_string}\"},\"query-input\":{\"@type\":\"PropertyValueSpecification\",\"valueRequired\":true,\"valueName\":\"search_term_string\"}}],\"inLanguage\":\"fr-FR\"},{\"@type\":[\"Person\",\"Organization\"],\"@id\":\"https:\/\/guimauve-iris.fr\/#\/schema\/person\/5d02a95ddbd5f4035370a50695fd3860\",\"name\":\"Chlo\u00e9\",\"image\":{\"@type\":\"ImageObject\",\"inLanguage\":\"fr-FR\",\"@id\":\"https:\/\/guimauve-iris.fr\/#\/schema\/person\/image\/\",\"url\":\"https:\/\/guimauve-iris.fr\/wp-content\/uploads\/2022\/10\/cropped-cropped-Logo_Guimauve_et_Iris.png\",\"contentUrl\":\"https:\/\/guimauve-iris.fr\/wp-content\/uploads\/2022\/10\/cropped-cropped-Logo_Guimauve_et_Iris.png\",\"width\":512,\"height\":512,\"caption\":\"Chlo\u00e9\"},\"logo\":{\"@id\":\"https:\/\/guimauve-iris.fr\/#\/schema\/person\/image\/\"},\"sameAs\":[\"http:\/\/guimauve-iris.fr\",\"https:\/\/www.instagram.com\/chloe_creations_naissance\/\"]}]}<\/script>\n<!-- \/ Yoast SEO plugin. -->","yoast_head_json":{"title":"Mon ventre s'arrondit - Guimauve &amp; Iris","robots":{"index":"index","follow":"follow","max-snippet":"max-snippet:-1","max-image-preview":"max-image-preview:large","max-video-preview":"max-video-preview:-1"},"canonical":"https:\/\/guimauve-iris.fr\/index.php\/produit\/mon-ventre-sarrondit\/","og_locale":"fr_FR","og_type":"article","og_title":"Mon ventre s'arrondit - Guimauve &amp; Iris","og_description":"Ce jeu de 8 cartes vous permettra d'immortaliser votre grossesse \u00e0 partir de la huiti\u00e8me semaine et ce jusqu'\u00e0 la trente-neuvi\u00e8me.  Installez vous dans un endroit lumineux, tenez la carte correspondante pr\u00e8s de votre ventre et photographiez !  Immortalisez ainsi cette p\u00e9riode unique !","og_url":"https:\/\/guimauve-iris.fr\/index.php\/produit\/mon-ventre-sarrondit\/","og_site_name":"Guimauve &amp; Iris","article_modified_time":"2024-02-22T14:56:38+00:00","og_image":[{"width":1920,"height":2560,"url":"https:\/\/guimauve-iris.fr\/wp-content\/uploads\/2022\/10\/KOLORO_1673970023560-scaled.jpg","type":"image\/jpeg"}],"twitter_card":"summary_large_image","twitter_misc":{"Dur\u00e9e de lecture estim\u00e9e":"1 minute"},"schema":{"@context":"https:\/\/schema.org","@graph":[{"@type":"WebPage","@id":"https:\/\/guimauve-iris.fr\/index.php\/produit\/mon-ventre-sarrondit\/","url":"https:\/\/guimauve-iris.fr\/index.php\/produit\/mon-ventre-sarrondit\/","name":"Mon ventre s'arrondit - Guimauve &amp; Iris","isPartOf":{"@id":"https:\/\/guimauve-iris.fr\/#website"},"primaryImageOfPage":{"@id":"https:\/\/guimauve-iris.fr\/index.php\/produit\/mon-ventre-sarrondit\/#primaryimage"},"image":{"@id":"https:\/\/guimauve-iris.fr\/index.php\/produit\/mon-ventre-sarrondit\/#primaryimage"},"thumbnailUrl":"https:\/\/guimauve-iris.fr\/wp-content\/uploads\/2022\/10\/KOLORO_1673970023560-scaled.jpg","datePublished":"2022-10-30T18:39:16+00:00","dateModified":"2024-02-22T14:56:38+00:00","breadcrumb":{"@id":"https:\/\/guimauve-iris.fr\/index.php\/produit\/mon-ventre-sarrondit\/#breadcrumb"},"inLanguage":"fr-FR","potentialAction":[{"@type":"ReadAction","target":["https:\/\/guimauve-iris.fr\/index.php\/produit\/mon-ventre-sarrondit\/"]}]},{"@type":"ImageObject","inLanguage":"fr-FR","@id":"https:\/\/guimauve-iris.fr\/index.php\/produit\/mon-ventre-sarrondit\/#primaryimage","url":"https:\/\/guimauve-iris.fr\/wp-content\/uploads\/2022\/10\/KOLORO_1673970023560-scaled.jpg","contentUrl":"https:\/\/guimauve-iris.fr\/wp-content\/uploads\/2022\/10\/KOLORO_1673970023560-scaled.jpg","width":1920,"height":2560},{"@type":"BreadcrumbList","@id":"https:\/\/guimauve-iris.fr\/index.php\/produit\/mon-ventre-sarrondit\/#breadcrumb","itemListElement":[{"@type":"ListItem","position":1,"name":"Accueil","item":"https:\/\/guimauve-iris.fr\/"},{"@type":"ListItem","position":2,"name":"Boutique","item":"https:\/\/guimauve-iris.fr\/index.php\/boutique\/"},{"@type":"ListItem","position":3,"name":"Mon ventre s&#8217;arrondit"}]},{"@type":"WebSite","@id":"https:\/\/guimauve-iris.fr\/#website","url":"https:\/\/guimauve-iris.fr\/","name":"Guimauve &amp; Iris","description":"Pour les petits mais surtout grands \u00e9v\u00e8nements de la vie !","publisher":{"@id":"https:\/\/guimauve-iris.fr\/#\/schema\/person\/5d02a95ddbd5f4035370a50695fd3860"},"potentialAction":[{"@type":"SearchAction","target":{"@type":"EntryPoint","urlTemplate":"https:\/\/guimauve-iris.fr\/?s={search_term_string}"},"query-input":{"@type":"PropertyValueSpecification","valueRequired":true,"valueName":"search_term_string"}}],"inLanguage":"fr-FR"},{"@type":["Person","Organization"],"@id":"https:\/\/guimauve-iris.fr\/#\/schema\/person\/5d02a95ddbd5f4035370a50695fd3860","name":"Chlo\u00e9","image":{"@type":"ImageObject","inLanguage":"fr-FR","@id":"https:\/\/guimauve-iris.fr\/#\/schema\/person\/image\/","url":"https:\/\/guimauve-iris.fr\/wp-content\/uploads\/2022\/10\/cropped-cropped-Logo_Guimauve_et_Iris.png","contentUrl":"https:\/\/guimauve-iris.fr\/wp-content\/uploads\/2022\/10\/cropped-cropped-Logo_Guimauve_et_Iris.png","width":512,"height":512,"caption":"Chlo\u00e9"},"logo":{"@id":"https:\/\/guimauve-iris.fr\/#\/schema\/person\/image\/"},"sameAs":["http:\/\/guimauve-iris.fr","https:\/\/www.instagram.com\/chloe_creations_naissance\/"]}]}},"_links":{"self":[{"href":"https:\/\/guimauve-iris.fr\/index.php\/wp-json\/wp\/v2\/product\/66","targetHints":{"allow":["GET"]}}],"collection":[{"href":"https:\/\/guimauve-iris.fr\/index.php\/wp-json\/wp\/v2\/product"}],"about":[{"href":"https:\/\/guimauve-iris.fr\/index.php\/wp-json\/wp\/v2\/types\/product"}],"replies":[{"embeddable":true,"href":"https:\/\/guimauve-iris.fr\/index.php\/wp-json\/wp\/v2\/comments?post=66"}],"wp:featuredmedia":[{"embeddable":true,"href":"https:\/\/guimauve-iris.fr\/index.php\/wp-json\/wp\/v2\/media\/609"}],"wp:attachment":[{"href":"https:\/\/guimauve-iris.fr\/index.php\/wp-json\/wp\/v2\/media?parent=66"}],"wp:term":[{"taxonomy":"product_brand","embeddable":true,"href":"https:\/\/guimauve-iris.fr\/index.php\/wp-json\/wp\/v2\/product_brand?post=66"},{"taxonomy":"product_cat","embeddable":true,"href":"https:\/\/guimauve-iris.fr\/index.php\/wp-json\/wp\/v2\/product_cat?post=66"},{"taxonomy":"product_tag","embeddable":true,"href":"https:\/\/guimauve-iris.fr\/index.php\/wp-json\/wp\/v2\/product_tag?post=66"}],"curies":[{"name":"wp","href":"https:\/\/api.w.org\/{rel}","templated":true}]}}