{"id":649,"date":"2023-04-11T14:35:36","date_gmt":"2023-04-11T12:35:36","guid":{"rendered":"https:\/\/guimauve-iris.fr\/?post_type=product&#038;p=649"},"modified":"2023-04-11T14:35:36","modified_gmt":"2023-04-11T12:35:36","slug":"illustration-famille-lineaire","status":"publish","type":"product","link":"https:\/\/guimauve-iris.fr\/index.php\/produit\/illustration-famille-lineaire\/","title":{"rendered":"Illustration famille lin\u00e9aire"},"content":{"rendered":"<p>Vous avez fait une jolie photo r\u00e9cemment mais certains \u00eatres chers n&rsquo;ont pas pu y figurer ?<\/p>\n<p>Vous souhaitez garder un souvenir fort d&rsquo;un joli moment (mariage, repas de famille, vacances &#8230;) ?<\/p>\n<p>Les illustrations personnalis\u00e9es sont fa\u00eetes pour vous !<\/p>\n<p>A partir d&rsquo;une ou plusieurs photos que vous me fa\u00eetes parvenir je r\u00e9aliserai une illustration personnalis\u00e9e afin d&rsquo;y r\u00e9unir toutes les personnes que vous aimez !<\/p>\n<p>Choisissez le nombre de personnes \u00e0 dessiner, envoyez moi vos photos et je vous ferai parvenir votre illustration au format num\u00e9rique. Vous \u00eates ainsi libre de choisir le ou les supports sur lesquels la faire figurer !<\/p>\n<p>Pour soi ou \u00e0 offrir !<\/p>\n<p>Les illustrations sont r\u00e9alis\u00e9es \u00e0 la main et n\u00e9cessitent donc un temps de r\u00e9alisation. D\u00e9lai de 2 semaines maximum.<\/p>\n<p>Merci de m&rsquo;envoyer la ou les photos par mail \u00e0 contact@guimauve-iris.fr et d&rsquo;indiquer si vous avez des souhaits particuliers (aur\u00e9ole, placement des personnes, &#8230;), je vous dirai ce qui est possible ou non \ud83d\ude09<\/p>\n","protected":false},"excerpt":{"rendered":"<p>Immortalisez vos plus beaux moments avec une illustration personnalis\u00e9e !<\/p>\n<p>Retrouvez tous vos \u00eatres pr\u00e9cieux y compris ceux partis trop t\u00f4t sur une image \u00e0 d\u00e9cliner selon vos souhaits.<\/p>\n","protected":false},"featured_media":660,"comment_status":"open","ping_status":"closed","template":"","meta":{"_monsterinsights_skip_tracking":false,"_monsterinsights_sitenote_active":false,"_monsterinsights_sitenote_note":"","_monsterinsights_sitenote_category":0},"product_brand":[],"product_cat":[150],"product_tag":[],"class_list":{"0":"post-649","1":"product","2":"type-product","3":"status-publish","4":"has-post-thumbnail","6":"product_cat-illustration-personnalisee","8":"entry","9":"has-media","11":"first","12":"instock","13":"shipping-taxable","14":"purchasable","15":"product-type-variable","16":"has-product-nav","17":"col","18":"span_1_of_3","19":"owp-content-center","20":"owp-thumbs-layout-horizontal","21":"owp-btn-normal","22":"owp-tabs-layout-horizontal"},"yoast_head":"<!-- This site is optimized with the Yoast SEO plugin v27.0 - https:\/\/yoast.com\/product\/yoast-seo-wordpress\/ -->\n<title>Illustration famille lin\u00e9aire - Guimauve &amp; Iris<\/title>\n<meta name=\"robots\" content=\"index, follow, max-snippet:-1, max-image-preview:large, max-video-preview:-1\" \/>\n<link rel=\"canonical\" href=\"https:\/\/guimauve-iris.fr\/index.php\/produit\/illustration-famille-lineaire\/\" \/>\n<meta property=\"og:locale\" content=\"fr_FR\" \/>\n<meta property=\"og:type\" content=\"article\" \/>\n<meta property=\"og:title\" content=\"Illustration famille lin\u00e9aire - Guimauve &amp; Iris\" \/>\n<meta property=\"og:description\" content=\"Immortalisez vos plus beaux moments avec une illustration personnalis\u00e9e !  Retrouvez tous vos \u00eatres pr\u00e9cieux y compris ceux partis trop t\u00f4t sur une image \u00e0 d\u00e9cliner selon vos souhaits.\" \/>\n<meta property=\"og:url\" content=\"https:\/\/guimauve-iris.fr\/index.php\/produit\/illustration-famille-lineaire\/\" \/>\n<meta property=\"og:site_name\" content=\"Guimauve &amp; Iris\" \/>\n<meta property=\"og:image\" content=\"https:\/\/guimauve-iris.fr\/wp-content\/uploads\/2023\/04\/IMG_0632.png\" \/>\n\t<meta property=\"og:image:width\" content=\"2360\" \/>\n\t<meta property=\"og:image:height\" content=\"1640\" \/>\n\t<meta property=\"og:image:type\" content=\"image\/png\" \/>\n<meta name=\"twitter:card\" content=\"summary_large_image\" \/>\n<meta name=\"twitter:label1\" content=\"Dur\u00e9e de lecture estim\u00e9e\" \/>\n\t<meta name=\"twitter:data1\" content=\"1 minute\" \/>\n<script type=\"application\/ld+json\" class=\"yoast-schema-graph\">{\"@context\":\"https:\/\/schema.org\",\"@graph\":[{\"@type\":\"WebPage\",\"@id\":\"https:\/\/guimauve-iris.fr\/index.php\/produit\/illustration-famille-lineaire\/\",\"url\":\"https:\/\/guimauve-iris.fr\/index.php\/produit\/illustration-famille-lineaire\/\",\"name\":\"Illustration famille lin\u00e9aire - Guimauve &amp; Iris\",\"isPartOf\":{\"@id\":\"https:\/\/guimauve-iris.fr\/#website\"},\"primaryImageOfPage\":{\"@id\":\"https:\/\/guimauve-iris.fr\/index.php\/produit\/illustration-famille-lineaire\/#primaryimage\"},\"image\":{\"@id\":\"https:\/\/guimauve-iris.fr\/index.php\/produit\/illustration-famille-lineaire\/#primaryimage\"},\"thumbnailUrl\":\"https:\/\/guimauve-iris.fr\/wp-content\/uploads\/2023\/04\/IMG_0632.png\",\"datePublished\":\"2023-04-11T12:35:36+00:00\",\"breadcrumb\":{\"@id\":\"https:\/\/guimauve-iris.fr\/index.php\/produit\/illustration-famille-lineaire\/#breadcrumb\"},\"inLanguage\":\"fr-FR\",\"potentialAction\":[{\"@type\":\"ReadAction\",\"target\":[\"https:\/\/guimauve-iris.fr\/index.php\/produit\/illustration-famille-lineaire\/\"]}]},{\"@type\":\"ImageObject\",\"inLanguage\":\"fr-FR\",\"@id\":\"https:\/\/guimauve-iris.fr\/index.php\/produit\/illustration-famille-lineaire\/#primaryimage\",\"url\":\"https:\/\/guimauve-iris.fr\/wp-content\/uploads\/2023\/04\/IMG_0632.png\",\"contentUrl\":\"https:\/\/guimauve-iris.fr\/wp-content\/uploads\/2023\/04\/IMG_0632.png\",\"width\":2360,\"height\":1640},{\"@type\":\"BreadcrumbList\",\"@id\":\"https:\/\/guimauve-iris.fr\/index.php\/produit\/illustration-famille-lineaire\/#breadcrumb\",\"itemListElement\":[{\"@type\":\"ListItem\",\"position\":1,\"name\":\"Accueil\",\"item\":\"https:\/\/guimauve-iris.fr\/\"},{\"@type\":\"ListItem\",\"position\":2,\"name\":\"Boutique\",\"item\":\"https:\/\/guimauve-iris.fr\/index.php\/boutique\/\"},{\"@type\":\"ListItem\",\"position\":3,\"name\":\"Illustration famille lin\u00e9aire\"}]},{\"@type\":\"WebSite\",\"@id\":\"https:\/\/guimauve-iris.fr\/#website\",\"url\":\"https:\/\/guimauve-iris.fr\/\",\"name\":\"Guimauve &amp; Iris\",\"description\":\"Pour les petits mais surtout grands \u00e9v\u00e8nements de la vie !\",\"publisher\":{\"@id\":\"https:\/\/guimauve-iris.fr\/#\/schema\/person\/5d02a95ddbd5f4035370a50695fd3860\"},\"potentialAction\":[{\"@type\":\"SearchAction\",\"target\":{\"@type\":\"EntryPoint\",\"urlTemplate\":\"https:\/\/guimauve-iris.fr\/?s={search_term_string}\"},\"query-input\":{\"@type\":\"PropertyValueSpecification\",\"valueRequired\":true,\"valueName\":\"search_term_string\"}}],\"inLanguage\":\"fr-FR\"},{\"@type\":[\"Person\",\"Organization\"],\"@id\":\"https:\/\/guimauve-iris.fr\/#\/schema\/person\/5d02a95ddbd5f4035370a50695fd3860\",\"name\":\"Chlo\u00e9\",\"image\":{\"@type\":\"ImageObject\",\"inLanguage\":\"fr-FR\",\"@id\":\"https:\/\/guimauve-iris.fr\/#\/schema\/person\/image\/\",\"url\":\"https:\/\/guimauve-iris.fr\/wp-content\/uploads\/2022\/10\/cropped-cropped-Logo_Guimauve_et_Iris.png\",\"contentUrl\":\"https:\/\/guimauve-iris.fr\/wp-content\/uploads\/2022\/10\/cropped-cropped-Logo_Guimauve_et_Iris.png\",\"width\":512,\"height\":512,\"caption\":\"Chlo\u00e9\"},\"logo\":{\"@id\":\"https:\/\/guimauve-iris.fr\/#\/schema\/person\/image\/\"},\"sameAs\":[\"http:\/\/guimauve-iris.fr\",\"https:\/\/www.instagram.com\/chloe_creations_naissance\/\"]}]}<\/script>\n<!-- \/ Yoast SEO plugin. -->","yoast_head_json":{"title":"Illustration famille lin\u00e9aire - Guimauve &amp; Iris","robots":{"index":"index","follow":"follow","max-snippet":"max-snippet:-1","max-image-preview":"max-image-preview:large","max-video-preview":"max-video-preview:-1"},"canonical":"https:\/\/guimauve-iris.fr\/index.php\/produit\/illustration-famille-lineaire\/","og_locale":"fr_FR","og_type":"article","og_title":"Illustration famille lin\u00e9aire - Guimauve &amp; Iris","og_description":"Immortalisez vos plus beaux moments avec une illustration personnalis\u00e9e !  Retrouvez tous vos \u00eatres pr\u00e9cieux y compris ceux partis trop t\u00f4t sur une image \u00e0 d\u00e9cliner selon vos souhaits.","og_url":"https:\/\/guimauve-iris.fr\/index.php\/produit\/illustration-famille-lineaire\/","og_site_name":"Guimauve &amp; Iris","og_image":[{"width":2360,"height":1640,"url":"https:\/\/guimauve-iris.fr\/wp-content\/uploads\/2023\/04\/IMG_0632.png","type":"image\/png"}],"twitter_card":"summary_large_image","twitter_misc":{"Dur\u00e9e de lecture estim\u00e9e":"1 minute"},"schema":{"@context":"https:\/\/schema.org","@graph":[{"@type":"WebPage","@id":"https:\/\/guimauve-iris.fr\/index.php\/produit\/illustration-famille-lineaire\/","url":"https:\/\/guimauve-iris.fr\/index.php\/produit\/illustration-famille-lineaire\/","name":"Illustration famille lin\u00e9aire - Guimauve &amp; Iris","isPartOf":{"@id":"https:\/\/guimauve-iris.fr\/#website"},"primaryImageOfPage":{"@id":"https:\/\/guimauve-iris.fr\/index.php\/produit\/illustration-famille-lineaire\/#primaryimage"},"image":{"@id":"https:\/\/guimauve-iris.fr\/index.php\/produit\/illustration-famille-lineaire\/#primaryimage"},"thumbnailUrl":"https:\/\/guimauve-iris.fr\/wp-content\/uploads\/2023\/04\/IMG_0632.png","datePublished":"2023-04-11T12:35:36+00:00","breadcrumb":{"@id":"https:\/\/guimauve-iris.fr\/index.php\/produit\/illustration-famille-lineaire\/#breadcrumb"},"inLanguage":"fr-FR","potentialAction":[{"@type":"ReadAction","target":["https:\/\/guimauve-iris.fr\/index.php\/produit\/illustration-famille-lineaire\/"]}]},{"@type":"ImageObject","inLanguage":"fr-FR","@id":"https:\/\/guimauve-iris.fr\/index.php\/produit\/illustration-famille-lineaire\/#primaryimage","url":"https:\/\/guimauve-iris.fr\/wp-content\/uploads\/2023\/04\/IMG_0632.png","contentUrl":"https:\/\/guimauve-iris.fr\/wp-content\/uploads\/2023\/04\/IMG_0632.png","width":2360,"height":1640},{"@type":"BreadcrumbList","@id":"https:\/\/guimauve-iris.fr\/index.php\/produit\/illustration-famille-lineaire\/#breadcrumb","itemListElement":[{"@type":"ListItem","position":1,"name":"Accueil","item":"https:\/\/guimauve-iris.fr\/"},{"@type":"ListItem","position":2,"name":"Boutique","item":"https:\/\/guimauve-iris.fr\/index.php\/boutique\/"},{"@type":"ListItem","position":3,"name":"Illustration famille lin\u00e9aire"}]},{"@type":"WebSite","@id":"https:\/\/guimauve-iris.fr\/#website","url":"https:\/\/guimauve-iris.fr\/","name":"Guimauve &amp; Iris","description":"Pour les petits mais surtout grands \u00e9v\u00e8nements de la vie !","publisher":{"@id":"https:\/\/guimauve-iris.fr\/#\/schema\/person\/5d02a95ddbd5f4035370a50695fd3860"},"potentialAction":[{"@type":"SearchAction","target":{"@type":"EntryPoint","urlTemplate":"https:\/\/guimauve-iris.fr\/?s={search_term_string}"},"query-input":{"@type":"PropertyValueSpecification","valueRequired":true,"valueName":"search_term_string"}}],"inLanguage":"fr-FR"},{"@type":["Person","Organization"],"@id":"https:\/\/guimauve-iris.fr\/#\/schema\/person\/5d02a95ddbd5f4035370a50695fd3860","name":"Chlo\u00e9","image":{"@type":"ImageObject","inLanguage":"fr-FR","@id":"https:\/\/guimauve-iris.fr\/#\/schema\/person\/image\/","url":"https:\/\/guimauve-iris.fr\/wp-content\/uploads\/2022\/10\/cropped-cropped-Logo_Guimauve_et_Iris.png","contentUrl":"https:\/\/guimauve-iris.fr\/wp-content\/uploads\/2022\/10\/cropped-cropped-Logo_Guimauve_et_Iris.png","width":512,"height":512,"caption":"Chlo\u00e9"},"logo":{"@id":"https:\/\/guimauve-iris.fr\/#\/schema\/person\/image\/"},"sameAs":["http:\/\/guimauve-iris.fr","https:\/\/www.instagram.com\/chloe_creations_naissance\/"]}]}},"_links":{"self":[{"href":"https:\/\/guimauve-iris.fr\/index.php\/wp-json\/wp\/v2\/product\/649","targetHints":{"allow":["GET"]}}],"collection":[{"href":"https:\/\/guimauve-iris.fr\/index.php\/wp-json\/wp\/v2\/product"}],"about":[{"href":"https:\/\/guimauve-iris.fr\/index.php\/wp-json\/wp\/v2\/types\/product"}],"replies":[{"embeddable":true,"href":"https:\/\/guimauve-iris.fr\/index.php\/wp-json\/wp\/v2\/comments?post=649"}],"wp:featuredmedia":[{"embeddable":true,"href":"https:\/\/guimauve-iris.fr\/index.php\/wp-json\/wp\/v2\/media\/660"}],"wp:attachment":[{"href":"https:\/\/guimauve-iris.fr\/index.php\/wp-json\/wp\/v2\/media?parent=649"}],"wp:term":[{"taxonomy":"product_brand","embeddable":true,"href":"https:\/\/guimauve-iris.fr\/index.php\/wp-json\/wp\/v2\/product_brand?post=649"},{"taxonomy":"product_cat","embeddable":true,"href":"https:\/\/guimauve-iris.fr\/index.php\/wp-json\/wp\/v2\/product_cat?post=649"},{"taxonomy":"product_tag","embeddable":true,"href":"https:\/\/guimauve-iris.fr\/index.php\/wp-json\/wp\/v2\/product_tag?post=649"}],"curies":[{"name":"wp","href":"https:\/\/api.w.org\/{rel}","templated":true}]}}