{"id":614,"date":"2023-01-18T13:45:58","date_gmt":"2023-01-18T12:45:58","guid":{"rendered":"http:\/\/guimauve-iris.fr\/?post_type=product&#038;p=614"},"modified":"2023-04-14T10:50:15","modified_gmt":"2023-04-14T08:50:15","slug":"affiche-noisette-doux-parfum","status":"publish","type":"product","link":"https:\/\/guimauve-iris.fr\/index.php\/produit\/affiche-noisette-doux-parfum\/","title":{"rendered":"Affiche \u00ab\u00a0Noisette, doux parfum\u00a0\u00bb"},"content":{"rendered":"<p>Jolie affiche pour d\u00e9corer une chambre d&rsquo;enfant.<\/p>\n<p>Dessin\u00e9e \u00e0 la main et imprim\u00e9e en France<\/p>\n<p>Dimensions :<\/p>\n<p>Les couleurs affich\u00e9es sur le site internet peuvent l\u00e9g\u00e8rement diff\u00e9rer de leur version imprim\u00e9e.<\/p>\n","protected":false},"excerpt":{"rendered":"<p>Affiche de Noisette respirant le doux parfum d&rsquo;une jolie fleur<\/p>\n","protected":false},"featured_media":601,"comment_status":"open","ping_status":"closed","template":"","meta":{"_monsterinsights_skip_tracking":false,"_monsterinsights_sitenote_active":false,"_monsterinsights_sitenote_note":"","_monsterinsights_sitenote_category":0},"product_brand":[],"product_cat":[33,21],"product_tag":[147],"class_list":{"0":"post-614","1":"product","2":"type-product","3":"status-publish","4":"has-post-thumbnail","6":"product_cat-decorations-chambre","7":"product_cat-naissance","8":"product_tag-lucien-noisette","10":"entry","11":"has-media","13":"first","14":"instock","15":"shipping-taxable","16":"purchasable","17":"product-type-simple","18":"has-product-nav","19":"col","20":"span_1_of_3","21":"owp-content-center","22":"owp-thumbs-layout-horizontal","23":"owp-btn-normal","24":"owp-tabs-layout-horizontal","25":"has-no-thumbnails"},"yoast_head":"<!-- This site is optimized with the Yoast SEO plugin v27.0 - https:\/\/yoast.com\/product\/yoast-seo-wordpress\/ -->\n<title>Affiche &quot;Noisette, doux parfum&quot; - Guimauve &amp; Iris<\/title>\n<meta name=\"robots\" content=\"index, follow, max-snippet:-1, max-image-preview:large, max-video-preview:-1\" \/>\n<link rel=\"canonical\" href=\"https:\/\/guimauve-iris.fr\/index.php\/produit\/affiche-noisette-doux-parfum\/\" \/>\n<meta property=\"og:locale\" content=\"fr_FR\" \/>\n<meta property=\"og:type\" content=\"article\" \/>\n<meta property=\"og:title\" content=\"Affiche &quot;Noisette, doux parfum&quot; - Guimauve &amp; Iris\" \/>\n<meta property=\"og:description\" content=\"Affiche de Noisette respirant le doux parfum d&#039;une jolie fleur\" \/>\n<meta property=\"og:url\" content=\"https:\/\/guimauve-iris.fr\/index.php\/produit\/affiche-noisette-doux-parfum\/\" \/>\n<meta property=\"og:site_name\" content=\"Guimauve &amp; Iris\" \/>\n<meta property=\"article:modified_time\" content=\"2023-04-14T08:50:15+00:00\" \/>\n<meta property=\"og:image\" content=\"https:\/\/guimauve-iris.fr\/wp-content\/uploads\/2022\/10\/KOLORO_1674041961746-scaled.jpg\" \/>\n\t<meta property=\"og:image:width\" content=\"1920\" \/>\n\t<meta property=\"og:image:height\" content=\"2560\" \/>\n\t<meta property=\"og:image:type\" content=\"image\/jpeg\" \/>\n<meta name=\"twitter:card\" content=\"summary_large_image\" \/>\n<meta name=\"twitter:label1\" content=\"Dur\u00e9e de lecture estim\u00e9e\" \/>\n\t<meta name=\"twitter:data1\" content=\"1 minute\" \/>\n<script type=\"application\/ld+json\" class=\"yoast-schema-graph\">{\"@context\":\"https:\/\/schema.org\",\"@graph\":[{\"@type\":\"WebPage\",\"@id\":\"https:\/\/guimauve-iris.fr\/index.php\/produit\/affiche-noisette-doux-parfum\/\",\"url\":\"https:\/\/guimauve-iris.fr\/index.php\/produit\/affiche-noisette-doux-parfum\/\",\"name\":\"Affiche \\\"Noisette, doux parfum\\\" - Guimauve &amp; Iris\",\"isPartOf\":{\"@id\":\"https:\/\/guimauve-iris.fr\/#website\"},\"primaryImageOfPage\":{\"@id\":\"https:\/\/guimauve-iris.fr\/index.php\/produit\/affiche-noisette-doux-parfum\/#primaryimage\"},\"image\":{\"@id\":\"https:\/\/guimauve-iris.fr\/index.php\/produit\/affiche-noisette-doux-parfum\/#primaryimage\"},\"thumbnailUrl\":\"https:\/\/guimauve-iris.fr\/wp-content\/uploads\/2022\/10\/KOLORO_1674041961746-scaled.jpg\",\"datePublished\":\"2023-01-18T12:45:58+00:00\",\"dateModified\":\"2023-04-14T08:50:15+00:00\",\"breadcrumb\":{\"@id\":\"https:\/\/guimauve-iris.fr\/index.php\/produit\/affiche-noisette-doux-parfum\/#breadcrumb\"},\"inLanguage\":\"fr-FR\",\"potentialAction\":[{\"@type\":\"ReadAction\",\"target\":[\"https:\/\/guimauve-iris.fr\/index.php\/produit\/affiche-noisette-doux-parfum\/\"]}]},{\"@type\":\"ImageObject\",\"inLanguage\":\"fr-FR\",\"@id\":\"https:\/\/guimauve-iris.fr\/index.php\/produit\/affiche-noisette-doux-parfum\/#primaryimage\",\"url\":\"https:\/\/guimauve-iris.fr\/wp-content\/uploads\/2022\/10\/KOLORO_1674041961746-scaled.jpg\",\"contentUrl\":\"https:\/\/guimauve-iris.fr\/wp-content\/uploads\/2022\/10\/KOLORO_1674041961746-scaled.jpg\",\"width\":1920,\"height\":2560},{\"@type\":\"BreadcrumbList\",\"@id\":\"https:\/\/guimauve-iris.fr\/index.php\/produit\/affiche-noisette-doux-parfum\/#breadcrumb\",\"itemListElement\":[{\"@type\":\"ListItem\",\"position\":1,\"name\":\"Accueil\",\"item\":\"https:\/\/guimauve-iris.fr\/\"},{\"@type\":\"ListItem\",\"position\":2,\"name\":\"Boutique\",\"item\":\"https:\/\/guimauve-iris.fr\/index.php\/boutique\/\"},{\"@type\":\"ListItem\",\"position\":3,\"name\":\"Affiche &#8220;Noisette, doux parfum&#8221;\"}]},{\"@type\":\"WebSite\",\"@id\":\"https:\/\/guimauve-iris.fr\/#website\",\"url\":\"https:\/\/guimauve-iris.fr\/\",\"name\":\"Guimauve &amp; Iris\",\"description\":\"Pour les petits mais surtout grands \u00e9v\u00e8nements de la vie !\",\"publisher\":{\"@id\":\"https:\/\/guimauve-iris.fr\/#\/schema\/person\/5d02a95ddbd5f4035370a50695fd3860\"},\"potentialAction\":[{\"@type\":\"SearchAction\",\"target\":{\"@type\":\"EntryPoint\",\"urlTemplate\":\"https:\/\/guimauve-iris.fr\/?s={search_term_string}\"},\"query-input\":{\"@type\":\"PropertyValueSpecification\",\"valueRequired\":true,\"valueName\":\"search_term_string\"}}],\"inLanguage\":\"fr-FR\"},{\"@type\":[\"Person\",\"Organization\"],\"@id\":\"https:\/\/guimauve-iris.fr\/#\/schema\/person\/5d02a95ddbd5f4035370a50695fd3860\",\"name\":\"Chlo\u00e9\",\"image\":{\"@type\":\"ImageObject\",\"inLanguage\":\"fr-FR\",\"@id\":\"https:\/\/guimauve-iris.fr\/#\/schema\/person\/image\/\",\"url\":\"https:\/\/guimauve-iris.fr\/wp-content\/uploads\/2022\/10\/cropped-cropped-Logo_Guimauve_et_Iris.png\",\"contentUrl\":\"https:\/\/guimauve-iris.fr\/wp-content\/uploads\/2022\/10\/cropped-cropped-Logo_Guimauve_et_Iris.png\",\"width\":512,\"height\":512,\"caption\":\"Chlo\u00e9\"},\"logo\":{\"@id\":\"https:\/\/guimauve-iris.fr\/#\/schema\/person\/image\/\"},\"sameAs\":[\"http:\/\/guimauve-iris.fr\",\"https:\/\/www.instagram.com\/chloe_creations_naissance\/\"]}]}<\/script>\n<!-- \/ Yoast SEO plugin. -->","yoast_head_json":{"title":"Affiche \"Noisette, doux parfum\" - Guimauve &amp; Iris","robots":{"index":"index","follow":"follow","max-snippet":"max-snippet:-1","max-image-preview":"max-image-preview:large","max-video-preview":"max-video-preview:-1"},"canonical":"https:\/\/guimauve-iris.fr\/index.php\/produit\/affiche-noisette-doux-parfum\/","og_locale":"fr_FR","og_type":"article","og_title":"Affiche \"Noisette, doux parfum\" - Guimauve &amp; Iris","og_description":"Affiche de Noisette respirant le doux parfum d'une jolie fleur","og_url":"https:\/\/guimauve-iris.fr\/index.php\/produit\/affiche-noisette-doux-parfum\/","og_site_name":"Guimauve &amp; Iris","article_modified_time":"2023-04-14T08:50:15+00:00","og_image":[{"width":1920,"height":2560,"url":"https:\/\/guimauve-iris.fr\/wp-content\/uploads\/2022\/10\/KOLORO_1674041961746-scaled.jpg","type":"image\/jpeg"}],"twitter_card":"summary_large_image","twitter_misc":{"Dur\u00e9e de lecture estim\u00e9e":"1 minute"},"schema":{"@context":"https:\/\/schema.org","@graph":[{"@type":"WebPage","@id":"https:\/\/guimauve-iris.fr\/index.php\/produit\/affiche-noisette-doux-parfum\/","url":"https:\/\/guimauve-iris.fr\/index.php\/produit\/affiche-noisette-doux-parfum\/","name":"Affiche \"Noisette, doux parfum\" - Guimauve &amp; Iris","isPartOf":{"@id":"https:\/\/guimauve-iris.fr\/#website"},"primaryImageOfPage":{"@id":"https:\/\/guimauve-iris.fr\/index.php\/produit\/affiche-noisette-doux-parfum\/#primaryimage"},"image":{"@id":"https:\/\/guimauve-iris.fr\/index.php\/produit\/affiche-noisette-doux-parfum\/#primaryimage"},"thumbnailUrl":"https:\/\/guimauve-iris.fr\/wp-content\/uploads\/2022\/10\/KOLORO_1674041961746-scaled.jpg","datePublished":"2023-01-18T12:45:58+00:00","dateModified":"2023-04-14T08:50:15+00:00","breadcrumb":{"@id":"https:\/\/guimauve-iris.fr\/index.php\/produit\/affiche-noisette-doux-parfum\/#breadcrumb"},"inLanguage":"fr-FR","potentialAction":[{"@type":"ReadAction","target":["https:\/\/guimauve-iris.fr\/index.php\/produit\/affiche-noisette-doux-parfum\/"]}]},{"@type":"ImageObject","inLanguage":"fr-FR","@id":"https:\/\/guimauve-iris.fr\/index.php\/produit\/affiche-noisette-doux-parfum\/#primaryimage","url":"https:\/\/guimauve-iris.fr\/wp-content\/uploads\/2022\/10\/KOLORO_1674041961746-scaled.jpg","contentUrl":"https:\/\/guimauve-iris.fr\/wp-content\/uploads\/2022\/10\/KOLORO_1674041961746-scaled.jpg","width":1920,"height":2560},{"@type":"BreadcrumbList","@id":"https:\/\/guimauve-iris.fr\/index.php\/produit\/affiche-noisette-doux-parfum\/#breadcrumb","itemListElement":[{"@type":"ListItem","position":1,"name":"Accueil","item":"https:\/\/guimauve-iris.fr\/"},{"@type":"ListItem","position":2,"name":"Boutique","item":"https:\/\/guimauve-iris.fr\/index.php\/boutique\/"},{"@type":"ListItem","position":3,"name":"Affiche &#8220;Noisette, doux parfum&#8221;"}]},{"@type":"WebSite","@id":"https:\/\/guimauve-iris.fr\/#website","url":"https:\/\/guimauve-iris.fr\/","name":"Guimauve &amp; Iris","description":"Pour les petits mais surtout grands \u00e9v\u00e8nements de la vie !","publisher":{"@id":"https:\/\/guimauve-iris.fr\/#\/schema\/person\/5d02a95ddbd5f4035370a50695fd3860"},"potentialAction":[{"@type":"SearchAction","target":{"@type":"EntryPoint","urlTemplate":"https:\/\/guimauve-iris.fr\/?s={search_term_string}"},"query-input":{"@type":"PropertyValueSpecification","valueRequired":true,"valueName":"search_term_string"}}],"inLanguage":"fr-FR"},{"@type":["Person","Organization"],"@id":"https:\/\/guimauve-iris.fr\/#\/schema\/person\/5d02a95ddbd5f4035370a50695fd3860","name":"Chlo\u00e9","image":{"@type":"ImageObject","inLanguage":"fr-FR","@id":"https:\/\/guimauve-iris.fr\/#\/schema\/person\/image\/","url":"https:\/\/guimauve-iris.fr\/wp-content\/uploads\/2022\/10\/cropped-cropped-Logo_Guimauve_et_Iris.png","contentUrl":"https:\/\/guimauve-iris.fr\/wp-content\/uploads\/2022\/10\/cropped-cropped-Logo_Guimauve_et_Iris.png","width":512,"height":512,"caption":"Chlo\u00e9"},"logo":{"@id":"https:\/\/guimauve-iris.fr\/#\/schema\/person\/image\/"},"sameAs":["http:\/\/guimauve-iris.fr","https:\/\/www.instagram.com\/chloe_creations_naissance\/"]}]}},"_links":{"self":[{"href":"https:\/\/guimauve-iris.fr\/index.php\/wp-json\/wp\/v2\/product\/614","targetHints":{"allow":["GET"]}}],"collection":[{"href":"https:\/\/guimauve-iris.fr\/index.php\/wp-json\/wp\/v2\/product"}],"about":[{"href":"https:\/\/guimauve-iris.fr\/index.php\/wp-json\/wp\/v2\/types\/product"}],"replies":[{"embeddable":true,"href":"https:\/\/guimauve-iris.fr\/index.php\/wp-json\/wp\/v2\/comments?post=614"}],"wp:featuredmedia":[{"embeddable":true,"href":"https:\/\/guimauve-iris.fr\/index.php\/wp-json\/wp\/v2\/media\/601"}],"wp:attachment":[{"href":"https:\/\/guimauve-iris.fr\/index.php\/wp-json\/wp\/v2\/media?parent=614"}],"wp:term":[{"taxonomy":"product_brand","embeddable":true,"href":"https:\/\/guimauve-iris.fr\/index.php\/wp-json\/wp\/v2\/product_brand?post=614"},{"taxonomy":"product_cat","embeddable":true,"href":"https:\/\/guimauve-iris.fr\/index.php\/wp-json\/wp\/v2\/product_cat?post=614"},{"taxonomy":"product_tag","embeddable":true,"href":"https:\/\/guimauve-iris.fr\/index.php\/wp-json\/wp\/v2\/product_tag?post=614"}],"curies":[{"name":"wp","href":"https:\/\/api.w.org\/{rel}","templated":true}]}}