{"id":40,"date":"2022-10-30T18:49:01","date_gmt":"2022-10-30T17:49:01","guid":{"rendered":"http:\/\/guimauve-iris.fr\/?post_type=product&#038;p=40"},"modified":"2024-02-22T16:02:17","modified_gmt":"2024-02-22T15:02:17","slug":"bebe-grandit-avec-josephine-leonard","status":"publish","type":"product","link":"https:\/\/guimauve-iris.fr\/index.php\/produit\/bebe-grandit-avec-josephine-leonard\/","title":{"rendered":"B\u00e9b\u00e9 grandit avec Jos\u00e9phine &#038; L\u00e9onard"},"content":{"rendered":"<p>Ce jeu comporte 13 cartes avec des illustrations uniques de Jos\u00e9phine et L\u00e9onard.<\/p>\n<p>6 cartes de Jos\u00e9phine, 6 cartes de L\u00e9onard et une carte o\u00f9 ils sont \u00e0 deux pour f\u00eater leur anniversaire et celui de votre enfant.<\/p>\n<p>Les cartes vous sont livr\u00e9es dans leur \u00e9tui telles un vrai jeu de cartes \u00e0 jouer.<\/p>\n<p>Format A5, coins arrondis<\/p>\n","protected":false},"excerpt":{"rendered":"<p>Ce jeu de 13 cartes vous permettra d&rsquo;immortaliser votre enfant de son tout premier jour \u00e0 son premier anniversaire.<\/p>\n<p>Une premi\u00e8re carte pour la maternit\u00e9 puis une par mois jusqu&rsquo;\u00e0 ses 1 an.<\/p>\n<p>Installez confortablement votre enfant dans un bel endroit, placez la carte correspondante \u00e0 c\u00f4t\u00e9 et photographiez !<\/p>\n<p>Immortalisez ainsi tous ses \u00ab\u00a0moisniversaires\u00a0\u00bb !<\/p>\n","protected":false},"featured_media":736,"comment_status":"open","ping_status":"closed","template":"","meta":{"_monsterinsights_skip_tracking":false,"_monsterinsights_sitenote_active":false,"_monsterinsights_sitenote_note":"","_monsterinsights_sitenote_category":0},"product_brand":[],"product_cat":[22,21],"product_tag":[146],"class_list":{"0":"post-40","1":"product","2":"type-product","3":"status-publish","4":"has-post-thumbnail","6":"product_cat-jeux-de-cartes-bebe-grandit","7":"product_cat-naissance","8":"product_tag-josephine-leonard","10":"entry","11":"has-media","13":"first","14":"instock","15":"shipping-taxable","16":"purchasable","17":"product-type-simple","18":"has-product-nav","19":"col","20":"span_1_of_3","21":"owp-content-center","22":"owp-thumbs-layout-horizontal","23":"owp-btn-normal","24":"owp-tabs-layout-horizontal"},"yoast_head":"<!-- This site is optimized with the Yoast SEO plugin v27.0 - https:\/\/yoast.com\/product\/yoast-seo-wordpress\/ -->\n<title>B\u00e9b\u00e9 grandit avec Jos\u00e9phine &amp; L\u00e9onard - Guimauve &amp; Iris<\/title>\n<meta name=\"robots\" content=\"index, follow, max-snippet:-1, max-image-preview:large, max-video-preview:-1\" \/>\n<link rel=\"canonical\" href=\"https:\/\/guimauve-iris.fr\/index.php\/produit\/bebe-grandit-avec-josephine-leonard\/\" \/>\n<meta property=\"og:locale\" content=\"fr_FR\" \/>\n<meta property=\"og:type\" content=\"article\" \/>\n<meta property=\"og:title\" content=\"B\u00e9b\u00e9 grandit avec Jos\u00e9phine &amp; L\u00e9onard - Guimauve &amp; Iris\" \/>\n<meta property=\"og:description\" content=\"Ce jeu de 13 cartes vous permettra d&#039;immortaliser votre enfant de son tout premier jour \u00e0 son premier anniversaire.  Une premi\u00e8re carte pour la maternit\u00e9 puis une par mois jusqu&#039;\u00e0 ses 1 an.  Installez confortablement votre enfant dans un bel endroit, placez la carte correspondante \u00e0 c\u00f4t\u00e9 et photographiez !  Immortalisez ainsi tous ses &quot;moisniversaires&quot; !\" \/>\n<meta property=\"og:url\" content=\"https:\/\/guimauve-iris.fr\/index.php\/produit\/bebe-grandit-avec-josephine-leonard\/\" \/>\n<meta property=\"og:site_name\" content=\"Guimauve &amp; Iris\" \/>\n<meta property=\"article:modified_time\" content=\"2024-02-22T15:02:17+00:00\" \/>\n<meta property=\"og:image\" content=\"https:\/\/guimauve-iris.fr\/wp-content\/uploads\/2024\/02\/1704745578083-scaled.jpg\" \/>\n\t<meta property=\"og:image:width\" content=\"1920\" \/>\n\t<meta property=\"og:image:height\" content=\"2560\" \/>\n\t<meta property=\"og:image:type\" content=\"image\/jpeg\" \/>\n<meta name=\"twitter:card\" content=\"summary_large_image\" \/>\n<meta name=\"twitter:label1\" content=\"Dur\u00e9e de lecture estim\u00e9e\" \/>\n\t<meta name=\"twitter:data1\" content=\"1 minute\" \/>\n<script type=\"application\/ld+json\" class=\"yoast-schema-graph\">{\"@context\":\"https:\/\/schema.org\",\"@graph\":[{\"@type\":\"WebPage\",\"@id\":\"https:\/\/guimauve-iris.fr\/index.php\/produit\/bebe-grandit-avec-josephine-leonard\/\",\"url\":\"https:\/\/guimauve-iris.fr\/index.php\/produit\/bebe-grandit-avec-josephine-leonard\/\",\"name\":\"B\u00e9b\u00e9 grandit avec Jos\u00e9phine & L\u00e9onard - Guimauve &amp; Iris\",\"isPartOf\":{\"@id\":\"https:\/\/guimauve-iris.fr\/#website\"},\"primaryImageOfPage\":{\"@id\":\"https:\/\/guimauve-iris.fr\/index.php\/produit\/bebe-grandit-avec-josephine-leonard\/#primaryimage\"},\"image\":{\"@id\":\"https:\/\/guimauve-iris.fr\/index.php\/produit\/bebe-grandit-avec-josephine-leonard\/#primaryimage\"},\"thumbnailUrl\":\"https:\/\/guimauve-iris.fr\/wp-content\/uploads\/2024\/02\/1704745578083-scaled.jpg\",\"datePublished\":\"2022-10-30T17:49:01+00:00\",\"dateModified\":\"2024-02-22T15:02:17+00:00\",\"breadcrumb\":{\"@id\":\"https:\/\/guimauve-iris.fr\/index.php\/produit\/bebe-grandit-avec-josephine-leonard\/#breadcrumb\"},\"inLanguage\":\"fr-FR\",\"potentialAction\":[{\"@type\":\"ReadAction\",\"target\":[\"https:\/\/guimauve-iris.fr\/index.php\/produit\/bebe-grandit-avec-josephine-leonard\/\"]}]},{\"@type\":\"ImageObject\",\"inLanguage\":\"fr-FR\",\"@id\":\"https:\/\/guimauve-iris.fr\/index.php\/produit\/bebe-grandit-avec-josephine-leonard\/#primaryimage\",\"url\":\"https:\/\/guimauve-iris.fr\/wp-content\/uploads\/2024\/02\/1704745578083-scaled.jpg\",\"contentUrl\":\"https:\/\/guimauve-iris.fr\/wp-content\/uploads\/2024\/02\/1704745578083-scaled.jpg\",\"width\":1920,\"height\":2560},{\"@type\":\"BreadcrumbList\",\"@id\":\"https:\/\/guimauve-iris.fr\/index.php\/produit\/bebe-grandit-avec-josephine-leonard\/#breadcrumb\",\"itemListElement\":[{\"@type\":\"ListItem\",\"position\":1,\"name\":\"Accueil\",\"item\":\"https:\/\/guimauve-iris.fr\/\"},{\"@type\":\"ListItem\",\"position\":2,\"name\":\"Boutique\",\"item\":\"https:\/\/guimauve-iris.fr\/index.php\/boutique\/\"},{\"@type\":\"ListItem\",\"position\":3,\"name\":\"B\u00e9b\u00e9 grandit avec Jos\u00e9phine &#038; L\u00e9onard\"}]},{\"@type\":\"WebSite\",\"@id\":\"https:\/\/guimauve-iris.fr\/#website\",\"url\":\"https:\/\/guimauve-iris.fr\/\",\"name\":\"Guimauve &amp; Iris\",\"description\":\"Pour les petits mais surtout grands \u00e9v\u00e8nements de la vie !\",\"publisher\":{\"@id\":\"https:\/\/guimauve-iris.fr\/#\/schema\/person\/5d02a95ddbd5f4035370a50695fd3860\"},\"potentialAction\":[{\"@type\":\"SearchAction\",\"target\":{\"@type\":\"EntryPoint\",\"urlTemplate\":\"https:\/\/guimauve-iris.fr\/?s={search_term_string}\"},\"query-input\":{\"@type\":\"PropertyValueSpecification\",\"valueRequired\":true,\"valueName\":\"search_term_string\"}}],\"inLanguage\":\"fr-FR\"},{\"@type\":[\"Person\",\"Organization\"],\"@id\":\"https:\/\/guimauve-iris.fr\/#\/schema\/person\/5d02a95ddbd5f4035370a50695fd3860\",\"name\":\"Chlo\u00e9\",\"image\":{\"@type\":\"ImageObject\",\"inLanguage\":\"fr-FR\",\"@id\":\"https:\/\/guimauve-iris.fr\/#\/schema\/person\/image\/\",\"url\":\"https:\/\/guimauve-iris.fr\/wp-content\/uploads\/2022\/10\/cropped-cropped-Logo_Guimauve_et_Iris.png\",\"contentUrl\":\"https:\/\/guimauve-iris.fr\/wp-content\/uploads\/2022\/10\/cropped-cropped-Logo_Guimauve_et_Iris.png\",\"width\":512,\"height\":512,\"caption\":\"Chlo\u00e9\"},\"logo\":{\"@id\":\"https:\/\/guimauve-iris.fr\/#\/schema\/person\/image\/\"},\"sameAs\":[\"http:\/\/guimauve-iris.fr\",\"https:\/\/www.instagram.com\/chloe_creations_naissance\/\"]}]}<\/script>\n<!-- \/ Yoast SEO plugin. -->","yoast_head_json":{"title":"B\u00e9b\u00e9 grandit avec Jos\u00e9phine & L\u00e9onard - Guimauve &amp; Iris","robots":{"index":"index","follow":"follow","max-snippet":"max-snippet:-1","max-image-preview":"max-image-preview:large","max-video-preview":"max-video-preview:-1"},"canonical":"https:\/\/guimauve-iris.fr\/index.php\/produit\/bebe-grandit-avec-josephine-leonard\/","og_locale":"fr_FR","og_type":"article","og_title":"B\u00e9b\u00e9 grandit avec Jos\u00e9phine & L\u00e9onard - Guimauve &amp; Iris","og_description":"Ce jeu de 13 cartes vous permettra d'immortaliser votre enfant de son tout premier jour \u00e0 son premier anniversaire.  Une premi\u00e8re carte pour la maternit\u00e9 puis une par mois jusqu'\u00e0 ses 1 an.  Installez confortablement votre enfant dans un bel endroit, placez la carte correspondante \u00e0 c\u00f4t\u00e9 et photographiez !  Immortalisez ainsi tous ses \"moisniversaires\" !","og_url":"https:\/\/guimauve-iris.fr\/index.php\/produit\/bebe-grandit-avec-josephine-leonard\/","og_site_name":"Guimauve &amp; Iris","article_modified_time":"2024-02-22T15:02:17+00:00","og_image":[{"width":1920,"height":2560,"url":"https:\/\/guimauve-iris.fr\/wp-content\/uploads\/2024\/02\/1704745578083-scaled.jpg","type":"image\/jpeg"}],"twitter_card":"summary_large_image","twitter_misc":{"Dur\u00e9e de lecture estim\u00e9e":"1 minute"},"schema":{"@context":"https:\/\/schema.org","@graph":[{"@type":"WebPage","@id":"https:\/\/guimauve-iris.fr\/index.php\/produit\/bebe-grandit-avec-josephine-leonard\/","url":"https:\/\/guimauve-iris.fr\/index.php\/produit\/bebe-grandit-avec-josephine-leonard\/","name":"B\u00e9b\u00e9 grandit avec Jos\u00e9phine & L\u00e9onard - Guimauve &amp; Iris","isPartOf":{"@id":"https:\/\/guimauve-iris.fr\/#website"},"primaryImageOfPage":{"@id":"https:\/\/guimauve-iris.fr\/index.php\/produit\/bebe-grandit-avec-josephine-leonard\/#primaryimage"},"image":{"@id":"https:\/\/guimauve-iris.fr\/index.php\/produit\/bebe-grandit-avec-josephine-leonard\/#primaryimage"},"thumbnailUrl":"https:\/\/guimauve-iris.fr\/wp-content\/uploads\/2024\/02\/1704745578083-scaled.jpg","datePublished":"2022-10-30T17:49:01+00:00","dateModified":"2024-02-22T15:02:17+00:00","breadcrumb":{"@id":"https:\/\/guimauve-iris.fr\/index.php\/produit\/bebe-grandit-avec-josephine-leonard\/#breadcrumb"},"inLanguage":"fr-FR","potentialAction":[{"@type":"ReadAction","target":["https:\/\/guimauve-iris.fr\/index.php\/produit\/bebe-grandit-avec-josephine-leonard\/"]}]},{"@type":"ImageObject","inLanguage":"fr-FR","@id":"https:\/\/guimauve-iris.fr\/index.php\/produit\/bebe-grandit-avec-josephine-leonard\/#primaryimage","url":"https:\/\/guimauve-iris.fr\/wp-content\/uploads\/2024\/02\/1704745578083-scaled.jpg","contentUrl":"https:\/\/guimauve-iris.fr\/wp-content\/uploads\/2024\/02\/1704745578083-scaled.jpg","width":1920,"height":2560},{"@type":"BreadcrumbList","@id":"https:\/\/guimauve-iris.fr\/index.php\/produit\/bebe-grandit-avec-josephine-leonard\/#breadcrumb","itemListElement":[{"@type":"ListItem","position":1,"name":"Accueil","item":"https:\/\/guimauve-iris.fr\/"},{"@type":"ListItem","position":2,"name":"Boutique","item":"https:\/\/guimauve-iris.fr\/index.php\/boutique\/"},{"@type":"ListItem","position":3,"name":"B\u00e9b\u00e9 grandit avec Jos\u00e9phine &#038; L\u00e9onard"}]},{"@type":"WebSite","@id":"https:\/\/guimauve-iris.fr\/#website","url":"https:\/\/guimauve-iris.fr\/","name":"Guimauve &amp; Iris","description":"Pour les petits mais surtout grands \u00e9v\u00e8nements de la vie !","publisher":{"@id":"https:\/\/guimauve-iris.fr\/#\/schema\/person\/5d02a95ddbd5f4035370a50695fd3860"},"potentialAction":[{"@type":"SearchAction","target":{"@type":"EntryPoint","urlTemplate":"https:\/\/guimauve-iris.fr\/?s={search_term_string}"},"query-input":{"@type":"PropertyValueSpecification","valueRequired":true,"valueName":"search_term_string"}}],"inLanguage":"fr-FR"},{"@type":["Person","Organization"],"@id":"https:\/\/guimauve-iris.fr\/#\/schema\/person\/5d02a95ddbd5f4035370a50695fd3860","name":"Chlo\u00e9","image":{"@type":"ImageObject","inLanguage":"fr-FR","@id":"https:\/\/guimauve-iris.fr\/#\/schema\/person\/image\/","url":"https:\/\/guimauve-iris.fr\/wp-content\/uploads\/2022\/10\/cropped-cropped-Logo_Guimauve_et_Iris.png","contentUrl":"https:\/\/guimauve-iris.fr\/wp-content\/uploads\/2022\/10\/cropped-cropped-Logo_Guimauve_et_Iris.png","width":512,"height":512,"caption":"Chlo\u00e9"},"logo":{"@id":"https:\/\/guimauve-iris.fr\/#\/schema\/person\/image\/"},"sameAs":["http:\/\/guimauve-iris.fr","https:\/\/www.instagram.com\/chloe_creations_naissance\/"]}]}},"_links":{"self":[{"href":"https:\/\/guimauve-iris.fr\/index.php\/wp-json\/wp\/v2\/product\/40","targetHints":{"allow":["GET"]}}],"collection":[{"href":"https:\/\/guimauve-iris.fr\/index.php\/wp-json\/wp\/v2\/product"}],"about":[{"href":"https:\/\/guimauve-iris.fr\/index.php\/wp-json\/wp\/v2\/types\/product"}],"replies":[{"embeddable":true,"href":"https:\/\/guimauve-iris.fr\/index.php\/wp-json\/wp\/v2\/comments?post=40"}],"wp:featuredmedia":[{"embeddable":true,"href":"https:\/\/guimauve-iris.fr\/index.php\/wp-json\/wp\/v2\/media\/736"}],"wp:attachment":[{"href":"https:\/\/guimauve-iris.fr\/index.php\/wp-json\/wp\/v2\/media?parent=40"}],"wp:term":[{"taxonomy":"product_brand","embeddable":true,"href":"https:\/\/guimauve-iris.fr\/index.php\/wp-json\/wp\/v2\/product_brand?post=40"},{"taxonomy":"product_cat","embeddable":true,"href":"https:\/\/guimauve-iris.fr\/index.php\/wp-json\/wp\/v2\/product_cat?post=40"},{"taxonomy":"product_tag","embeddable":true,"href":"https:\/\/guimauve-iris.fr\/index.php\/wp-json\/wp\/v2\/product_tag?post=40"}],"curies":[{"name":"wp","href":"https:\/\/api.w.org\/{rel}","templated":true}]}}