{"id":1081,"date":"2025-02-18T15:15:26","date_gmt":"2025-02-18T14:15:26","guid":{"rendered":"https:\/\/guimauve-iris.fr\/?post_type=product&#038;p=1081"},"modified":"2025-02-18T15:19:31","modified_gmt":"2025-02-18T14:19:31","slug":"illustration-personnalisee-bouquet-de-fleurs-de-naissance-30x40-cm","status":"publish","type":"product","link":"https:\/\/guimauve-iris.fr\/index.php\/produit\/illustration-personnalisee-bouquet-de-fleurs-de-naissance-30x40-cm\/","title":{"rendered":"Illustration personnalis\u00e9e bouquet de fleurs de naissance 30&#215;40 cm"},"content":{"rendered":"<p><span class=\"OYPEnA font-feature-liga-off font-feature-clig-off font-feature-calt-off text-decoration-none text-strikethrough-none\" style=\"font-weight: 400; font-style: normal;\">Tout comme l\u2019on peut attribuer une pierre \u00e0 un mois, ils sont \u00e9galement reli\u00e9s \u00e0 une fleur. Cette tradition remonte \u00e0 l\u2019Antiquit\u00e9 romaine o\u00f9 l\u2019on croyait que certaines fleurs apportent de la chance et de la protection pendant le mois o\u00f9 elles fleurissent.<\/span> <span class=\"OYPEnA font-feature-liga-off font-feature-clig-off font-feature-calt-off text-decoration-none text-strikethrough-none\" style=\"font-weight: 400; font-style: normal;\">Au fil du temps, les traditions ont \u00e9volu\u00e9 et les fleurs de naissance, ainsi que leur symbolique, peuvent varier selon les r\u00e9gions du monde et les cultures.<\/span><\/p>\n<p>Une illustration sur mesure, \u00e0 la hauteur de son destinataire.<\/p>\n<p>1. Indiquez le titre que vous souhaitez : \u00ab\u00a0Le plus beau des bouquets c&rsquo;est &#8230; celui de Mamie \/ Maman &#8230;\u00a0\u00bb, \u00ab\u00a0Le plus beau des bouquets c&rsquo;est &#8230; celui de notre famille\u00a0\u00bb<\/p>\n<p>2. Donnez-moi tous les pr\u00e9noms accompagn\u00e9s du mois de naissance de toutes les personnes \u00e0 int\u00e9grer \u00e0 ce bouquet.<\/p>\n<p>3. Attendez sagement que je dessine, imprime, encadre et vous envoie votre pr\u00e9cieux bouquet \ud83d\ude42<\/p>\n<p>Illustration au format 30&#215;40 cm imprim\u00e9e sur papier photo et encadr\u00e9e dans un cadre couleur bois.<\/p>\n<p>A noter : s&rsquo;agissant d&rsquo;un article cr\u00e9\u00e9 \u00e0 la demande, un d\u00e9lai de 1 semaine est \u00e0 pr\u00e9voir avant envoi.<\/p>\n","protected":false},"excerpt":{"rendered":"<p>Un bouquet immortel et pr\u00e9cieux qui vous ressemble.<\/p>\n<p>Une jolie attention \u00e0 offrir pour la f\u00eate des Mamies, f\u00eate des m\u00e8res ou m\u00eame \u00e0 s&rsquo;offrir &#8230;<\/p>\n","protected":false},"featured_media":1076,"comment_status":"open","ping_status":"closed","template":"","meta":{"_monsterinsights_skip_tracking":false,"_monsterinsights_sitenote_active":false,"_monsterinsights_sitenote_note":"","_monsterinsights_sitenote_category":0},"product_brand":[],"product_cat":[150],"product_tag":[182,186,185,187,189,183,184,188],"class_list":{"0":"post-1081","1":"product","2":"type-product","3":"status-publish","4":"has-post-thumbnail","6":"product_cat-illustration-personnalisee","7":"product_tag-cadeau-mamie","8":"product_tag-fete-des-grands-meres","9":"product_tag-fete-des-mamies","10":"product_tag-fete-des-meres","11":"product_tag-fleurs-de-naissance","12":"product_tag-idee-cadeau","13":"product_tag-idee-cadeau-mamie","14":"product_tag-illustration-personnalisee","16":"entry","17":"has-media","19":"first","20":"instock","21":"shipping-taxable","22":"purchasable","23":"product-type-simple","24":"has-product-nav","25":"col","26":"span_1_of_3","27":"owp-content-center","28":"owp-thumbs-layout-horizontal","29":"owp-btn-normal","30":"owp-tabs-layout-horizontal"},"yoast_head":"<!-- This site is optimized with the Yoast SEO plugin v27.0 - https:\/\/yoast.com\/product\/yoast-seo-wordpress\/ -->\n<title>Illustration personnalis\u00e9e bouquet de fleurs de naissance 30x40 cm - Guimauve &amp; Iris<\/title>\n<meta name=\"description\" content=\"Un joli bouquet compos\u00e9 de tous les \u00eatres chers et qui ne fanera jamais. A offrir \u00e0 Mamie, Maman ou m\u00eame pour sa propre famille. C&#039;est une belle id\u00e9e cadeau\" \/>\n<meta name=\"robots\" content=\"index, follow, max-snippet:-1, max-image-preview:large, max-video-preview:-1\" \/>\n<link rel=\"canonical\" href=\"https:\/\/guimauve-iris.fr\/index.php\/produit\/illustration-personnalisee-bouquet-de-fleurs-de-naissance-30x40-cm\/\" \/>\n<meta property=\"og:locale\" content=\"fr_FR\" \/>\n<meta property=\"og:type\" content=\"article\" \/>\n<meta property=\"og:title\" content=\"Illustration personnalis\u00e9e bouquet de fleurs de naissance 30x40 cm - Guimauve &amp; Iris\" \/>\n<meta property=\"og:description\" content=\"Un joli bouquet compos\u00e9 de tous les \u00eatres chers et qui ne fanera jamais. A offrir \u00e0 Mamie, Maman ou m\u00eame pour sa propre famille. C&#039;est une belle id\u00e9e cadeau\" \/>\n<meta property=\"og:url\" content=\"https:\/\/guimauve-iris.fr\/index.php\/produit\/illustration-personnalisee-bouquet-de-fleurs-de-naissance-30x40-cm\/\" \/>\n<meta property=\"og:site_name\" content=\"Guimauve &amp; Iris\" \/>\n<meta property=\"article:modified_time\" content=\"2025-02-18T14:19:31+00:00\" \/>\n<meta property=\"og:image\" content=\"https:\/\/guimauve-iris.fr\/wp-content\/uploads\/2025\/02\/KOLORO_1739201698485-1-scaled.jpg\" \/>\n\t<meta property=\"og:image:width\" content=\"1920\" \/>\n\t<meta property=\"og:image:height\" content=\"2560\" \/>\n\t<meta property=\"og:image:type\" content=\"image\/jpeg\" \/>\n<meta name=\"twitter:card\" content=\"summary_large_image\" \/>\n<meta name=\"twitter:label1\" content=\"Dur\u00e9e de lecture estim\u00e9e\" \/>\n\t<meta name=\"twitter:data1\" content=\"2 minutes\" \/>\n<script type=\"application\/ld+json\" class=\"yoast-schema-graph\">{\"@context\":\"https:\/\/schema.org\",\"@graph\":[{\"@type\":\"WebPage\",\"@id\":\"https:\/\/guimauve-iris.fr\/index.php\/produit\/illustration-personnalisee-bouquet-de-fleurs-de-naissance-30x40-cm\/\",\"url\":\"https:\/\/guimauve-iris.fr\/index.php\/produit\/illustration-personnalisee-bouquet-de-fleurs-de-naissance-30x40-cm\/\",\"name\":\"Illustration personnalis\u00e9e bouquet de fleurs de naissance 30x40 cm - Guimauve &amp; Iris\",\"isPartOf\":{\"@id\":\"https:\/\/guimauve-iris.fr\/#website\"},\"primaryImageOfPage\":{\"@id\":\"https:\/\/guimauve-iris.fr\/index.php\/produit\/illustration-personnalisee-bouquet-de-fleurs-de-naissance-30x40-cm\/#primaryimage\"},\"image\":{\"@id\":\"https:\/\/guimauve-iris.fr\/index.php\/produit\/illustration-personnalisee-bouquet-de-fleurs-de-naissance-30x40-cm\/#primaryimage\"},\"thumbnailUrl\":\"https:\/\/guimauve-iris.fr\/wp-content\/uploads\/2025\/02\/KOLORO_1739201698485-1-scaled.jpg\",\"datePublished\":\"2025-02-18T14:15:26+00:00\",\"dateModified\":\"2025-02-18T14:19:31+00:00\",\"description\":\"Un joli bouquet compos\u00e9 de tous les \u00eatres chers et qui ne fanera jamais. A offrir \u00e0 Mamie, Maman ou m\u00eame pour sa propre famille. C'est une belle id\u00e9e cadeau\",\"breadcrumb\":{\"@id\":\"https:\/\/guimauve-iris.fr\/index.php\/produit\/illustration-personnalisee-bouquet-de-fleurs-de-naissance-30x40-cm\/#breadcrumb\"},\"inLanguage\":\"fr-FR\",\"potentialAction\":[{\"@type\":\"ReadAction\",\"target\":[\"https:\/\/guimauve-iris.fr\/index.php\/produit\/illustration-personnalisee-bouquet-de-fleurs-de-naissance-30x40-cm\/\"]}]},{\"@type\":\"ImageObject\",\"inLanguage\":\"fr-FR\",\"@id\":\"https:\/\/guimauve-iris.fr\/index.php\/produit\/illustration-personnalisee-bouquet-de-fleurs-de-naissance-30x40-cm\/#primaryimage\",\"url\":\"https:\/\/guimauve-iris.fr\/wp-content\/uploads\/2025\/02\/KOLORO_1739201698485-1-scaled.jpg\",\"contentUrl\":\"https:\/\/guimauve-iris.fr\/wp-content\/uploads\/2025\/02\/KOLORO_1739201698485-1-scaled.jpg\",\"width\":1920,\"height\":2560},{\"@type\":\"BreadcrumbList\",\"@id\":\"https:\/\/guimauve-iris.fr\/index.php\/produit\/illustration-personnalisee-bouquet-de-fleurs-de-naissance-30x40-cm\/#breadcrumb\",\"itemListElement\":[{\"@type\":\"ListItem\",\"position\":1,\"name\":\"Accueil\",\"item\":\"https:\/\/guimauve-iris.fr\/\"},{\"@type\":\"ListItem\",\"position\":2,\"name\":\"Boutique\",\"item\":\"https:\/\/guimauve-iris.fr\/index.php\/boutique\/\"},{\"@type\":\"ListItem\",\"position\":3,\"name\":\"Illustration personnalis\u00e9e bouquet de fleurs de naissance 30&#215;40 cm\"}]},{\"@type\":\"WebSite\",\"@id\":\"https:\/\/guimauve-iris.fr\/#website\",\"url\":\"https:\/\/guimauve-iris.fr\/\",\"name\":\"Guimauve &amp; Iris\",\"description\":\"Pour les petits mais surtout grands \u00e9v\u00e8nements de la vie !\",\"publisher\":{\"@id\":\"https:\/\/guimauve-iris.fr\/#\/schema\/person\/5d02a95ddbd5f4035370a50695fd3860\"},\"potentialAction\":[{\"@type\":\"SearchAction\",\"target\":{\"@type\":\"EntryPoint\",\"urlTemplate\":\"https:\/\/guimauve-iris.fr\/?s={search_term_string}\"},\"query-input\":{\"@type\":\"PropertyValueSpecification\",\"valueRequired\":true,\"valueName\":\"search_term_string\"}}],\"inLanguage\":\"fr-FR\"},{\"@type\":[\"Person\",\"Organization\"],\"@id\":\"https:\/\/guimauve-iris.fr\/#\/schema\/person\/5d02a95ddbd5f4035370a50695fd3860\",\"name\":\"Chlo\u00e9\",\"image\":{\"@type\":\"ImageObject\",\"inLanguage\":\"fr-FR\",\"@id\":\"https:\/\/guimauve-iris.fr\/#\/schema\/person\/image\/\",\"url\":\"https:\/\/guimauve-iris.fr\/wp-content\/uploads\/2022\/10\/cropped-cropped-Logo_Guimauve_et_Iris.png\",\"contentUrl\":\"https:\/\/guimauve-iris.fr\/wp-content\/uploads\/2022\/10\/cropped-cropped-Logo_Guimauve_et_Iris.png\",\"width\":512,\"height\":512,\"caption\":\"Chlo\u00e9\"},\"logo\":{\"@id\":\"https:\/\/guimauve-iris.fr\/#\/schema\/person\/image\/\"},\"sameAs\":[\"http:\/\/guimauve-iris.fr\",\"https:\/\/www.instagram.com\/chloe_creations_naissance\/\"]}]}<\/script>\n<!-- \/ Yoast SEO plugin. -->","yoast_head_json":{"title":"Illustration personnalis\u00e9e bouquet de fleurs de naissance 30x40 cm - Guimauve &amp; Iris","description":"Un joli bouquet compos\u00e9 de tous les \u00eatres chers et qui ne fanera jamais. A offrir \u00e0 Mamie, Maman ou m\u00eame pour sa propre famille. C'est une belle id\u00e9e cadeau","robots":{"index":"index","follow":"follow","max-snippet":"max-snippet:-1","max-image-preview":"max-image-preview:large","max-video-preview":"max-video-preview:-1"},"canonical":"https:\/\/guimauve-iris.fr\/index.php\/produit\/illustration-personnalisee-bouquet-de-fleurs-de-naissance-30x40-cm\/","og_locale":"fr_FR","og_type":"article","og_title":"Illustration personnalis\u00e9e bouquet de fleurs de naissance 30x40 cm - Guimauve &amp; Iris","og_description":"Un joli bouquet compos\u00e9 de tous les \u00eatres chers et qui ne fanera jamais. A offrir \u00e0 Mamie, Maman ou m\u00eame pour sa propre famille. C'est une belle id\u00e9e cadeau","og_url":"https:\/\/guimauve-iris.fr\/index.php\/produit\/illustration-personnalisee-bouquet-de-fleurs-de-naissance-30x40-cm\/","og_site_name":"Guimauve &amp; Iris","article_modified_time":"2025-02-18T14:19:31+00:00","og_image":[{"width":1920,"height":2560,"url":"https:\/\/guimauve-iris.fr\/wp-content\/uploads\/2025\/02\/KOLORO_1739201698485-1-scaled.jpg","type":"image\/jpeg"}],"twitter_card":"summary_large_image","twitter_misc":{"Dur\u00e9e de lecture estim\u00e9e":"2 minutes"},"schema":{"@context":"https:\/\/schema.org","@graph":[{"@type":"WebPage","@id":"https:\/\/guimauve-iris.fr\/index.php\/produit\/illustration-personnalisee-bouquet-de-fleurs-de-naissance-30x40-cm\/","url":"https:\/\/guimauve-iris.fr\/index.php\/produit\/illustration-personnalisee-bouquet-de-fleurs-de-naissance-30x40-cm\/","name":"Illustration personnalis\u00e9e bouquet de fleurs de naissance 30x40 cm - Guimauve &amp; Iris","isPartOf":{"@id":"https:\/\/guimauve-iris.fr\/#website"},"primaryImageOfPage":{"@id":"https:\/\/guimauve-iris.fr\/index.php\/produit\/illustration-personnalisee-bouquet-de-fleurs-de-naissance-30x40-cm\/#primaryimage"},"image":{"@id":"https:\/\/guimauve-iris.fr\/index.php\/produit\/illustration-personnalisee-bouquet-de-fleurs-de-naissance-30x40-cm\/#primaryimage"},"thumbnailUrl":"https:\/\/guimauve-iris.fr\/wp-content\/uploads\/2025\/02\/KOLORO_1739201698485-1-scaled.jpg","datePublished":"2025-02-18T14:15:26+00:00","dateModified":"2025-02-18T14:19:31+00:00","description":"Un joli bouquet compos\u00e9 de tous les \u00eatres chers et qui ne fanera jamais. A offrir \u00e0 Mamie, Maman ou m\u00eame pour sa propre famille. C'est une belle id\u00e9e cadeau","breadcrumb":{"@id":"https:\/\/guimauve-iris.fr\/index.php\/produit\/illustration-personnalisee-bouquet-de-fleurs-de-naissance-30x40-cm\/#breadcrumb"},"inLanguage":"fr-FR","potentialAction":[{"@type":"ReadAction","target":["https:\/\/guimauve-iris.fr\/index.php\/produit\/illustration-personnalisee-bouquet-de-fleurs-de-naissance-30x40-cm\/"]}]},{"@type":"ImageObject","inLanguage":"fr-FR","@id":"https:\/\/guimauve-iris.fr\/index.php\/produit\/illustration-personnalisee-bouquet-de-fleurs-de-naissance-30x40-cm\/#primaryimage","url":"https:\/\/guimauve-iris.fr\/wp-content\/uploads\/2025\/02\/KOLORO_1739201698485-1-scaled.jpg","contentUrl":"https:\/\/guimauve-iris.fr\/wp-content\/uploads\/2025\/02\/KOLORO_1739201698485-1-scaled.jpg","width":1920,"height":2560},{"@type":"BreadcrumbList","@id":"https:\/\/guimauve-iris.fr\/index.php\/produit\/illustration-personnalisee-bouquet-de-fleurs-de-naissance-30x40-cm\/#breadcrumb","itemListElement":[{"@type":"ListItem","position":1,"name":"Accueil","item":"https:\/\/guimauve-iris.fr\/"},{"@type":"ListItem","position":2,"name":"Boutique","item":"https:\/\/guimauve-iris.fr\/index.php\/boutique\/"},{"@type":"ListItem","position":3,"name":"Illustration personnalis\u00e9e bouquet de fleurs de naissance 30&#215;40 cm"}]},{"@type":"WebSite","@id":"https:\/\/guimauve-iris.fr\/#website","url":"https:\/\/guimauve-iris.fr\/","name":"Guimauve &amp; Iris","description":"Pour les petits mais surtout grands \u00e9v\u00e8nements de la vie !","publisher":{"@id":"https:\/\/guimauve-iris.fr\/#\/schema\/person\/5d02a95ddbd5f4035370a50695fd3860"},"potentialAction":[{"@type":"SearchAction","target":{"@type":"EntryPoint","urlTemplate":"https:\/\/guimauve-iris.fr\/?s={search_term_string}"},"query-input":{"@type":"PropertyValueSpecification","valueRequired":true,"valueName":"search_term_string"}}],"inLanguage":"fr-FR"},{"@type":["Person","Organization"],"@id":"https:\/\/guimauve-iris.fr\/#\/schema\/person\/5d02a95ddbd5f4035370a50695fd3860","name":"Chlo\u00e9","image":{"@type":"ImageObject","inLanguage":"fr-FR","@id":"https:\/\/guimauve-iris.fr\/#\/schema\/person\/image\/","url":"https:\/\/guimauve-iris.fr\/wp-content\/uploads\/2022\/10\/cropped-cropped-Logo_Guimauve_et_Iris.png","contentUrl":"https:\/\/guimauve-iris.fr\/wp-content\/uploads\/2022\/10\/cropped-cropped-Logo_Guimauve_et_Iris.png","width":512,"height":512,"caption":"Chlo\u00e9"},"logo":{"@id":"https:\/\/guimauve-iris.fr\/#\/schema\/person\/image\/"},"sameAs":["http:\/\/guimauve-iris.fr","https:\/\/www.instagram.com\/chloe_creations_naissance\/"]}]}},"_links":{"self":[{"href":"https:\/\/guimauve-iris.fr\/index.php\/wp-json\/wp\/v2\/product\/1081","targetHints":{"allow":["GET"]}}],"collection":[{"href":"https:\/\/guimauve-iris.fr\/index.php\/wp-json\/wp\/v2\/product"}],"about":[{"href":"https:\/\/guimauve-iris.fr\/index.php\/wp-json\/wp\/v2\/types\/product"}],"replies":[{"embeddable":true,"href":"https:\/\/guimauve-iris.fr\/index.php\/wp-json\/wp\/v2\/comments?post=1081"}],"wp:featuredmedia":[{"embeddable":true,"href":"https:\/\/guimauve-iris.fr\/index.php\/wp-json\/wp\/v2\/media\/1076"}],"wp:attachment":[{"href":"https:\/\/guimauve-iris.fr\/index.php\/wp-json\/wp\/v2\/media?parent=1081"}],"wp:term":[{"taxonomy":"product_brand","embeddable":true,"href":"https:\/\/guimauve-iris.fr\/index.php\/wp-json\/wp\/v2\/product_brand?post=1081"},{"taxonomy":"product_cat","embeddable":true,"href":"https:\/\/guimauve-iris.fr\/index.php\/wp-json\/wp\/v2\/product_cat?post=1081"},{"taxonomy":"product_tag","embeddable":true,"href":"https:\/\/guimauve-iris.fr\/index.php\/wp-json\/wp\/v2\/product_tag?post=1081"}],"curies":[{"name":"wp","href":"https:\/\/api.w.org\/{rel}","templated":true}]}}