{"id":1013,"date":"2024-09-26T14:15:41","date_gmt":"2024-09-26T12:15:41","guid":{"rendered":"https:\/\/guimauve-iris.fr\/?post_type=product&#038;p=1013"},"modified":"2024-09-28T11:16:41","modified_gmt":"2024-09-28T09:16:41","slug":"trousse-gaze-ocre-a-pois-dores","status":"publish","type":"product","link":"https:\/\/guimauve-iris.fr\/index.php\/produit\/trousse-gaze-ocre-a-pois-dores\/","title":{"rendered":"Trousse gaze ocre \u00e0 pois dor\u00e9s"},"content":{"rendered":"<p>Que ce soit \u00e0 offrir ou \u00e0 s&rsquo;offrir cette jolie trousse cousue main avec amour sera parfaite pour ranger des petites affaires. Cette trousse pourra accueillir des produits de soin (ex : cr\u00e8me), m\u00e9dicaments, petite brosse et autre objets qui ont tendance \u00e0 se balader dans le sac.<\/p>\n<p>Ce mod\u00e8le est en gaze 100% coton et doubl\u00e9e \u00e9galement dans un tissu en coton uni beige. Un joli zip dor\u00e9 et une \u00e9tiquette qui pourra accueillir un pr\u00e9nom ou surnom (2 mots maximum) floqu\u00e9es en noir paillet\u00e9.<\/p>\n<p>Ne tardez pas \u00e0 commander si elle vous fait de l&rsquo;oeil, il n&rsquo;y en aura pas pour tout le monde ! \ud83d\ude42<\/p>\n<p>Attention, merci de bien v\u00e9rifier l&rsquo;orthographe de la personnalisation, je personnaliserai tel que cela aura \u00e9t\u00e9 \u00e9crit.<\/p>\n","protected":false},"excerpt":{"rendered":"<p>Une trousse unique personnalis\u00e9e avec un pr\u00e9nom ou surnom (2 mots maximum)<\/p>\n","protected":false},"featured_media":990,"comment_status":"open","ping_status":"closed","template":"","meta":{"_monsterinsights_skip_tracking":false,"_monsterinsights_sitenote_active":false,"_monsterinsights_sitenote_note":"","_monsterinsights_sitenote_category":0},"product_brand":[],"product_cat":[171],"product_tag":[],"class_list":{"0":"post-1013","1":"product","2":"type-product","3":"status-publish","4":"has-post-thumbnail","6":"product_cat-trousse","7":"pa_couleur-jaune","9":"entry","10":"has-media","12":"first","13":"instock","14":"shipping-taxable","15":"purchasable","16":"product-type-simple","17":"has-product-nav","18":"col","19":"span_1_of_3","20":"owp-content-center","21":"owp-thumbs-layout-horizontal","22":"owp-btn-normal","23":"owp-tabs-layout-horizontal"},"yoast_head":"<!-- This site is optimized with the Yoast SEO plugin v27.0 - https:\/\/yoast.com\/product\/yoast-seo-wordpress\/ -->\n<title>Trousse gaze ocre \u00e0 pois dor\u00e9s - Guimauve &amp; Iris<\/title>\n<meta name=\"description\" content=\"Une jolie trousse cousue main \u00e0 personnaliser avec un pr\u00e9nom pour ranger vos petites affaires (cr\u00e8me, produits de beaut\u00e9, m\u00e9dicaments, ...).\" \/>\n<meta name=\"robots\" content=\"index, follow, max-snippet:-1, max-image-preview:large, max-video-preview:-1\" \/>\n<link rel=\"canonical\" href=\"https:\/\/guimauve-iris.fr\/index.php\/produit\/trousse-gaze-ocre-a-pois-dores\/\" \/>\n<meta property=\"og:locale\" content=\"fr_FR\" \/>\n<meta property=\"og:type\" content=\"article\" \/>\n<meta property=\"og:title\" content=\"Trousse gaze ocre \u00e0 pois dor\u00e9s - Guimauve &amp; Iris\" \/>\n<meta property=\"og:description\" content=\"Une jolie trousse cousue main \u00e0 personnaliser avec un pr\u00e9nom pour ranger vos petites affaires (cr\u00e8me, produits de beaut\u00e9, m\u00e9dicaments, ...).\" \/>\n<meta property=\"og:url\" content=\"https:\/\/guimauve-iris.fr\/index.php\/produit\/trousse-gaze-ocre-a-pois-dores\/\" \/>\n<meta property=\"og:site_name\" content=\"Guimauve &amp; Iris\" \/>\n<meta property=\"article:modified_time\" content=\"2024-09-28T09:16:41+00:00\" \/>\n<meta property=\"og:image\" content=\"https:\/\/guimauve-iris.fr\/wp-content\/uploads\/2024\/09\/IMG20240919130737-scaled.jpg\" \/>\n\t<meta property=\"og:image:width\" content=\"1920\" \/>\n\t<meta property=\"og:image:height\" content=\"2560\" \/>\n\t<meta property=\"og:image:type\" content=\"image\/jpeg\" \/>\n<meta name=\"twitter:card\" content=\"summary_large_image\" \/>\n<meta name=\"twitter:label1\" content=\"Dur\u00e9e de lecture estim\u00e9e\" \/>\n\t<meta name=\"twitter:data1\" content=\"1 minute\" \/>\n<script type=\"application\/ld+json\" class=\"yoast-schema-graph\">{\"@context\":\"https:\/\/schema.org\",\"@graph\":[{\"@type\":\"WebPage\",\"@id\":\"https:\/\/guimauve-iris.fr\/index.php\/produit\/trousse-gaze-ocre-a-pois-dores\/\",\"url\":\"https:\/\/guimauve-iris.fr\/index.php\/produit\/trousse-gaze-ocre-a-pois-dores\/\",\"name\":\"Trousse gaze ocre \u00e0 pois dor\u00e9s - Guimauve &amp; Iris\",\"isPartOf\":{\"@id\":\"https:\/\/guimauve-iris.fr\/#website\"},\"primaryImageOfPage\":{\"@id\":\"https:\/\/guimauve-iris.fr\/index.php\/produit\/trousse-gaze-ocre-a-pois-dores\/#primaryimage\"},\"image\":{\"@id\":\"https:\/\/guimauve-iris.fr\/index.php\/produit\/trousse-gaze-ocre-a-pois-dores\/#primaryimage\"},\"thumbnailUrl\":\"https:\/\/guimauve-iris.fr\/wp-content\/uploads\/2024\/09\/IMG20240919130737-scaled.jpg\",\"datePublished\":\"2024-09-26T12:15:41+00:00\",\"dateModified\":\"2024-09-28T09:16:41+00:00\",\"description\":\"Une jolie trousse cousue main \u00e0 personnaliser avec un pr\u00e9nom pour ranger vos petites affaires (cr\u00e8me, produits de beaut\u00e9, m\u00e9dicaments, ...).\",\"breadcrumb\":{\"@id\":\"https:\/\/guimauve-iris.fr\/index.php\/produit\/trousse-gaze-ocre-a-pois-dores\/#breadcrumb\"},\"inLanguage\":\"fr-FR\",\"potentialAction\":[{\"@type\":\"ReadAction\",\"target\":[\"https:\/\/guimauve-iris.fr\/index.php\/produit\/trousse-gaze-ocre-a-pois-dores\/\"]}]},{\"@type\":\"ImageObject\",\"inLanguage\":\"fr-FR\",\"@id\":\"https:\/\/guimauve-iris.fr\/index.php\/produit\/trousse-gaze-ocre-a-pois-dores\/#primaryimage\",\"url\":\"https:\/\/guimauve-iris.fr\/wp-content\/uploads\/2024\/09\/IMG20240919130737-scaled.jpg\",\"contentUrl\":\"https:\/\/guimauve-iris.fr\/wp-content\/uploads\/2024\/09\/IMG20240919130737-scaled.jpg\",\"width\":1920,\"height\":2560},{\"@type\":\"BreadcrumbList\",\"@id\":\"https:\/\/guimauve-iris.fr\/index.php\/produit\/trousse-gaze-ocre-a-pois-dores\/#breadcrumb\",\"itemListElement\":[{\"@type\":\"ListItem\",\"position\":1,\"name\":\"Accueil\",\"item\":\"https:\/\/guimauve-iris.fr\/\"},{\"@type\":\"ListItem\",\"position\":2,\"name\":\"Boutique\",\"item\":\"https:\/\/guimauve-iris.fr\/index.php\/boutique\/\"},{\"@type\":\"ListItem\",\"position\":3,\"name\":\"Trousse gaze ocre \u00e0 pois dor\u00e9s\"}]},{\"@type\":\"WebSite\",\"@id\":\"https:\/\/guimauve-iris.fr\/#website\",\"url\":\"https:\/\/guimauve-iris.fr\/\",\"name\":\"Guimauve &amp; Iris\",\"description\":\"Pour les petits mais surtout grands \u00e9v\u00e8nements de la vie !\",\"publisher\":{\"@id\":\"https:\/\/guimauve-iris.fr\/#\/schema\/person\/5d02a95ddbd5f4035370a50695fd3860\"},\"potentialAction\":[{\"@type\":\"SearchAction\",\"target\":{\"@type\":\"EntryPoint\",\"urlTemplate\":\"https:\/\/guimauve-iris.fr\/?s={search_term_string}\"},\"query-input\":{\"@type\":\"PropertyValueSpecification\",\"valueRequired\":true,\"valueName\":\"search_term_string\"}}],\"inLanguage\":\"fr-FR\"},{\"@type\":[\"Person\",\"Organization\"],\"@id\":\"https:\/\/guimauve-iris.fr\/#\/schema\/person\/5d02a95ddbd5f4035370a50695fd3860\",\"name\":\"Chlo\u00e9\",\"image\":{\"@type\":\"ImageObject\",\"inLanguage\":\"fr-FR\",\"@id\":\"https:\/\/guimauve-iris.fr\/#\/schema\/person\/image\/\",\"url\":\"https:\/\/guimauve-iris.fr\/wp-content\/uploads\/2022\/10\/cropped-cropped-Logo_Guimauve_et_Iris.png\",\"contentUrl\":\"https:\/\/guimauve-iris.fr\/wp-content\/uploads\/2022\/10\/cropped-cropped-Logo_Guimauve_et_Iris.png\",\"width\":512,\"height\":512,\"caption\":\"Chlo\u00e9\"},\"logo\":{\"@id\":\"https:\/\/guimauve-iris.fr\/#\/schema\/person\/image\/\"},\"sameAs\":[\"http:\/\/guimauve-iris.fr\",\"https:\/\/www.instagram.com\/chloe_creations_naissance\/\"]}]}<\/script>\n<!-- \/ Yoast SEO plugin. -->","yoast_head_json":{"title":"Trousse gaze ocre \u00e0 pois dor\u00e9s - Guimauve &amp; Iris","description":"Une jolie trousse cousue main \u00e0 personnaliser avec un pr\u00e9nom pour ranger vos petites affaires (cr\u00e8me, produits de beaut\u00e9, m\u00e9dicaments, ...).","robots":{"index":"index","follow":"follow","max-snippet":"max-snippet:-1","max-image-preview":"max-image-preview:large","max-video-preview":"max-video-preview:-1"},"canonical":"https:\/\/guimauve-iris.fr\/index.php\/produit\/trousse-gaze-ocre-a-pois-dores\/","og_locale":"fr_FR","og_type":"article","og_title":"Trousse gaze ocre \u00e0 pois dor\u00e9s - Guimauve &amp; Iris","og_description":"Une jolie trousse cousue main \u00e0 personnaliser avec un pr\u00e9nom pour ranger vos petites affaires (cr\u00e8me, produits de beaut\u00e9, m\u00e9dicaments, ...).","og_url":"https:\/\/guimauve-iris.fr\/index.php\/produit\/trousse-gaze-ocre-a-pois-dores\/","og_site_name":"Guimauve &amp; Iris","article_modified_time":"2024-09-28T09:16:41+00:00","og_image":[{"width":1920,"height":2560,"url":"https:\/\/guimauve-iris.fr\/wp-content\/uploads\/2024\/09\/IMG20240919130737-scaled.jpg","type":"image\/jpeg"}],"twitter_card":"summary_large_image","twitter_misc":{"Dur\u00e9e de lecture estim\u00e9e":"1 minute"},"schema":{"@context":"https:\/\/schema.org","@graph":[{"@type":"WebPage","@id":"https:\/\/guimauve-iris.fr\/index.php\/produit\/trousse-gaze-ocre-a-pois-dores\/","url":"https:\/\/guimauve-iris.fr\/index.php\/produit\/trousse-gaze-ocre-a-pois-dores\/","name":"Trousse gaze ocre \u00e0 pois dor\u00e9s - Guimauve &amp; Iris","isPartOf":{"@id":"https:\/\/guimauve-iris.fr\/#website"},"primaryImageOfPage":{"@id":"https:\/\/guimauve-iris.fr\/index.php\/produit\/trousse-gaze-ocre-a-pois-dores\/#primaryimage"},"image":{"@id":"https:\/\/guimauve-iris.fr\/index.php\/produit\/trousse-gaze-ocre-a-pois-dores\/#primaryimage"},"thumbnailUrl":"https:\/\/guimauve-iris.fr\/wp-content\/uploads\/2024\/09\/IMG20240919130737-scaled.jpg","datePublished":"2024-09-26T12:15:41+00:00","dateModified":"2024-09-28T09:16:41+00:00","description":"Une jolie trousse cousue main \u00e0 personnaliser avec un pr\u00e9nom pour ranger vos petites affaires (cr\u00e8me, produits de beaut\u00e9, m\u00e9dicaments, ...).","breadcrumb":{"@id":"https:\/\/guimauve-iris.fr\/index.php\/produit\/trousse-gaze-ocre-a-pois-dores\/#breadcrumb"},"inLanguage":"fr-FR","potentialAction":[{"@type":"ReadAction","target":["https:\/\/guimauve-iris.fr\/index.php\/produit\/trousse-gaze-ocre-a-pois-dores\/"]}]},{"@type":"ImageObject","inLanguage":"fr-FR","@id":"https:\/\/guimauve-iris.fr\/index.php\/produit\/trousse-gaze-ocre-a-pois-dores\/#primaryimage","url":"https:\/\/guimauve-iris.fr\/wp-content\/uploads\/2024\/09\/IMG20240919130737-scaled.jpg","contentUrl":"https:\/\/guimauve-iris.fr\/wp-content\/uploads\/2024\/09\/IMG20240919130737-scaled.jpg","width":1920,"height":2560},{"@type":"BreadcrumbList","@id":"https:\/\/guimauve-iris.fr\/index.php\/produit\/trousse-gaze-ocre-a-pois-dores\/#breadcrumb","itemListElement":[{"@type":"ListItem","position":1,"name":"Accueil","item":"https:\/\/guimauve-iris.fr\/"},{"@type":"ListItem","position":2,"name":"Boutique","item":"https:\/\/guimauve-iris.fr\/index.php\/boutique\/"},{"@type":"ListItem","position":3,"name":"Trousse gaze ocre \u00e0 pois dor\u00e9s"}]},{"@type":"WebSite","@id":"https:\/\/guimauve-iris.fr\/#website","url":"https:\/\/guimauve-iris.fr\/","name":"Guimauve &amp; Iris","description":"Pour les petits mais surtout grands \u00e9v\u00e8nements de la vie !","publisher":{"@id":"https:\/\/guimauve-iris.fr\/#\/schema\/person\/5d02a95ddbd5f4035370a50695fd3860"},"potentialAction":[{"@type":"SearchAction","target":{"@type":"EntryPoint","urlTemplate":"https:\/\/guimauve-iris.fr\/?s={search_term_string}"},"query-input":{"@type":"PropertyValueSpecification","valueRequired":true,"valueName":"search_term_string"}}],"inLanguage":"fr-FR"},{"@type":["Person","Organization"],"@id":"https:\/\/guimauve-iris.fr\/#\/schema\/person\/5d02a95ddbd5f4035370a50695fd3860","name":"Chlo\u00e9","image":{"@type":"ImageObject","inLanguage":"fr-FR","@id":"https:\/\/guimauve-iris.fr\/#\/schema\/person\/image\/","url":"https:\/\/guimauve-iris.fr\/wp-content\/uploads\/2022\/10\/cropped-cropped-Logo_Guimauve_et_Iris.png","contentUrl":"https:\/\/guimauve-iris.fr\/wp-content\/uploads\/2022\/10\/cropped-cropped-Logo_Guimauve_et_Iris.png","width":512,"height":512,"caption":"Chlo\u00e9"},"logo":{"@id":"https:\/\/guimauve-iris.fr\/#\/schema\/person\/image\/"},"sameAs":["http:\/\/guimauve-iris.fr","https:\/\/www.instagram.com\/chloe_creations_naissance\/"]}]}},"_links":{"self":[{"href":"https:\/\/guimauve-iris.fr\/index.php\/wp-json\/wp\/v2\/product\/1013","targetHints":{"allow":["GET"]}}],"collection":[{"href":"https:\/\/guimauve-iris.fr\/index.php\/wp-json\/wp\/v2\/product"}],"about":[{"href":"https:\/\/guimauve-iris.fr\/index.php\/wp-json\/wp\/v2\/types\/product"}],"replies":[{"embeddable":true,"href":"https:\/\/guimauve-iris.fr\/index.php\/wp-json\/wp\/v2\/comments?post=1013"}],"wp:featuredmedia":[{"embeddable":true,"href":"https:\/\/guimauve-iris.fr\/index.php\/wp-json\/wp\/v2\/media\/990"}],"wp:attachment":[{"href":"https:\/\/guimauve-iris.fr\/index.php\/wp-json\/wp\/v2\/media?parent=1013"}],"wp:term":[{"taxonomy":"product_brand","embeddable":true,"href":"https:\/\/guimauve-iris.fr\/index.php\/wp-json\/wp\/v2\/product_brand?post=1013"},{"taxonomy":"product_cat","embeddable":true,"href":"https:\/\/guimauve-iris.fr\/index.php\/wp-json\/wp\/v2\/product_cat?post=1013"},{"taxonomy":"product_tag","embeddable":true,"href":"https:\/\/guimauve-iris.fr\/index.php\/wp-json\/wp\/v2\/product_tag?post=1013"}],"curies":[{"name":"wp","href":"https:\/\/api.w.org\/{rel}","templated":true}]}}