{"id":453,"date":"2022-12-28T00:15:09","date_gmt":"2022-12-27T23:15:09","guid":{"rendered":"http:\/\/guimauve-iris.fr\/?page_id=453"},"modified":"2023-04-16T14:03:59","modified_gmt":"2023-04-16T12:03:59","slug":"devenir-revendeur","status":"publish","type":"page","link":"https:\/\/guimauve-iris.fr\/index.php\/devenir-revendeur\/","title":{"rendered":"Devenir revendeur"},"content":{"rendered":"\n<div class=\"wp-block-cover is-light\"><span aria-hidden=\"true\" class=\"wp-block-cover__background has-background-dim-0 has-background-dim\"><\/span><img loading=\"lazy\" decoding=\"async\" width=\"1536\" height=\"2048\" class=\"wp-block-cover__image-background wp-image-549\" alt=\"Photo d'arri\u00e8re plan\nJolie porte bleu et mur fleuri\" src=\"https:\/\/guimauve-iris.fr\/wp-content\/uploads\/2022\/12\/322193589_3351752175094376_4079861597528810066_n.jpg\" style=\"object-position:67% 28%\" data-object-fit=\"cover\" data-object-position=\"67% 28%\" srcset=\"https:\/\/guimauve-iris.fr\/wp-content\/uploads\/2022\/12\/322193589_3351752175094376_4079861597528810066_n.jpg 1536w, https:\/\/guimauve-iris.fr\/wp-content\/uploads\/2022\/12\/322193589_3351752175094376_4079861597528810066_n-225x300.jpg 225w, https:\/\/guimauve-iris.fr\/wp-content\/uploads\/2022\/12\/322193589_3351752175094376_4079861597528810066_n-768x1024.jpg 768w, https:\/\/guimauve-iris.fr\/wp-content\/uploads\/2022\/12\/322193589_3351752175094376_4079861597528810066_n-1152x1536.jpg 1152w, https:\/\/guimauve-iris.fr\/wp-content\/uploads\/2022\/12\/322193589_3351752175094376_4079861597528810066_n-600x800.jpg 600w\" sizes=\"auto, (max-width: 1536px) 100vw, 1536px\" \/><div class=\"wp-block-cover__inner-container is-layout-flow wp-block-cover-is-layout-flow\">\n<p class=\"has-text-align-center has-white-color has-text-color has-background has-large-font-size\" style=\"background-color:#9e9bc9b3\">Devenez revendeur Guimauve &amp; Iris<\/p>\n<\/div><\/div>\n\n\n\n<p class=\"has-text-align-center\">Vous g\u00e9rez une boutique et souhaiteriez y proposer les produits Guimauve &amp; Iris ? <\/p>\n\n\n\n<p class=\"has-text-align-center\">Remplissez le formulaire ci-dessous et nous reviendrons vers vous dans les meilleurs d\u00e9lais.<\/p>\n\n\n\n<hr class=\"wp-block-separator has-alpha-channel-opacity\"\/>\n\n\n\n<div class=\"wp-block-group alignfull has-background\" style=\"background-color:#9e9bc94d\"><div class=\"wp-block-group__inner-container is-layout-constrained wp-block-group-is-layout-constrained\">\n<h2 class=\"wp-block-heading has-text-align-center\">Etre revendeur Guimauve &amp; Iris c&rsquo;est :<\/h2>\n\n\n\n<div class=\"wp-block-columns is-layout-flex wp-container-core-columns-is-layout-9d6595d7 wp-block-columns-is-layout-flex\">\n<div class=\"wp-block-column is-layout-flow wp-block-column-is-layout-flow\">\n<figure class=\"wp-block-image size-large\"><a href=\"https:\/\/guimauve-iris.fr\/wp-content\/uploads\/2022\/12\/IMG_0599.png\"><img loading=\"lazy\" decoding=\"async\" width=\"2309\" height=\"1589\" src=\"https:\/\/guimauve-iris.fr\/wp-content\/uploads\/2022\/12\/IMG_0599-edited.png\" alt=\"Illustration qualit\u00e9 repr\u00e9sentant un ruban r\u00e9compense\" class=\"wp-image-574\" srcset=\"https:\/\/guimauve-iris.fr\/wp-content\/uploads\/2022\/12\/IMG_0599-edited.png 2309w, https:\/\/guimauve-iris.fr\/wp-content\/uploads\/2022\/12\/IMG_0599-edited-300x206.png 300w, https:\/\/guimauve-iris.fr\/wp-content\/uploads\/2022\/12\/IMG_0599-edited-1024x705.png 1024w, https:\/\/guimauve-iris.fr\/wp-content\/uploads\/2022\/12\/IMG_0599-edited-768x529.png 768w, https:\/\/guimauve-iris.fr\/wp-content\/uploads\/2022\/12\/IMG_0599-edited-1536x1057.png 1536w, https:\/\/guimauve-iris.fr\/wp-content\/uploads\/2022\/12\/IMG_0599-edited-2048x1409.png 2048w, https:\/\/guimauve-iris.fr\/wp-content\/uploads\/2022\/12\/IMG_0599-edited-600x413.png 600w\" sizes=\"auto, (max-width: 2309px) 100vw, 2309px\" \/><\/a><\/figure>\n\n\n\n<p class=\"has-text-align-center\">Un promesse de qualit\u00e9<\/p>\n<\/div>\n\n\n\n<div class=\"wp-block-column is-layout-flow wp-block-column-is-layout-flow\">\n<figure class=\"wp-block-image size-large\"><a href=\"https:\/\/guimauve-iris.fr\/wp-content\/uploads\/2022\/12\/IMG_0598.png\"><img loading=\"lazy\" decoding=\"async\" width=\"1024\" height=\"705\" src=\"https:\/\/guimauve-iris.fr\/wp-content\/uploads\/2022\/12\/IMG_0598-1024x705.png\" alt=\"Illustration nouvelles collections repr\u00e9sentant une palette de peinture\" class=\"wp-image-571\" srcset=\"https:\/\/guimauve-iris.fr\/wp-content\/uploads\/2022\/12\/IMG_0598-1024x705.png 1024w, https:\/\/guimauve-iris.fr\/wp-content\/uploads\/2022\/12\/IMG_0598-300x206.png 300w, https:\/\/guimauve-iris.fr\/wp-content\/uploads\/2022\/12\/IMG_0598-768x528.png 768w, https:\/\/guimauve-iris.fr\/wp-content\/uploads\/2022\/12\/IMG_0598-1536x1057.png 1536w, https:\/\/guimauve-iris.fr\/wp-content\/uploads\/2022\/12\/IMG_0598-2048x1409.png 2048w, https:\/\/guimauve-iris.fr\/wp-content\/uploads\/2022\/12\/IMG_0598-600x413.png 600w\" sizes=\"auto, (max-width: 1024px) 100vw, 1024px\" \/><\/a><\/figure>\n\n\n\n<p class=\"has-text-align-center\">De nouvelles collections chaque ann\u00e9e<\/p>\n<\/div>\n\n\n\n<div class=\"wp-block-column is-layout-flow wp-block-column-is-layout-flow\">\n<figure class=\"wp-block-image size-large\"><a href=\"https:\/\/guimauve-iris.fr\/wp-content\/uploads\/2022\/12\/IMG_0596.png\"><img loading=\"lazy\" decoding=\"async\" width=\"2325\" height=\"1600\" src=\"https:\/\/guimauve-iris.fr\/wp-content\/uploads\/2022\/12\/IMG_0596-edited.png\" alt=\"Illustration libert\u00e9 de choix repr\u00e9sentant un panneau de direction\" class=\"wp-image-575\" srcset=\"https:\/\/guimauve-iris.fr\/wp-content\/uploads\/2022\/12\/IMG_0596-edited.png 2325w, https:\/\/guimauve-iris.fr\/wp-content\/uploads\/2022\/12\/IMG_0596-edited-300x206.png 300w, https:\/\/guimauve-iris.fr\/wp-content\/uploads\/2022\/12\/IMG_0596-edited-1024x705.png 1024w, https:\/\/guimauve-iris.fr\/wp-content\/uploads\/2022\/12\/IMG_0596-edited-768x529.png 768w, https:\/\/guimauve-iris.fr\/wp-content\/uploads\/2022\/12\/IMG_0596-edited-1536x1057.png 1536w, https:\/\/guimauve-iris.fr\/wp-content\/uploads\/2022\/12\/IMG_0596-edited-2048x1409.png 2048w, https:\/\/guimauve-iris.fr\/wp-content\/uploads\/2022\/12\/IMG_0596-edited-600x413.png 600w\" sizes=\"auto, (max-width: 2325px) 100vw, 2325px\" \/><\/a><\/figure>\n\n\n\n<p class=\"has-text-align-center\">De la libert\u00e9, vous choisissez ce que vous vendez<\/p>\n<\/div>\n<\/div>\n<\/div><\/div>\n\n\n\n<div style=\"height:100px\" aria-hidden=\"true\" class=\"wp-block-spacer\"><\/div>\n\n\n<div class=\"wpforms-container wpforms-container-full wpforms-block\" id=\"wpforms-437\"><form id=\"wpforms-form-437\" class=\"wpforms-validate wpforms-form wpforms-ajax-form\" data-formid=\"437\" method=\"post\" enctype=\"multipart\/form-data\" action=\"\/index.php\/wp-json\/wp\/v2\/pages\/453\" data-token=\"05939c0ae2aa26cd9b7f3e4afcfae094\" data-token-time=\"1776772987\"><noscript class=\"wpforms-error-noscript\">Veuillez activer JavaScript dans votre navigateur pour remplir ce formulaire.<\/noscript><div class=\"wpforms-field-container\"><div id=\"wpforms-437-field_1-container\" class=\"wpforms-field wpforms-field-name\" data-field-id=\"1\"><label class=\"wpforms-field-label\">Identit\u00e9 <span class=\"wpforms-required-label\">*<\/span><\/label><div class=\"wpforms-field-row wpforms-field-medium\"><div class=\"wpforms-field-row-block wpforms-first wpforms-one-half\"><input type=\"text\" id=\"wpforms-437-field_1\" class=\"wpforms-field-name-first wpforms-field-required\" name=\"wpforms[fields][1][first]\" required><label for=\"wpforms-437-field_1\" class=\"wpforms-field-sublabel after\">Pr\u00e9nom<\/label><\/div><div class=\"wpforms-field-row-block wpforms-one-half\"><input type=\"text\" id=\"wpforms-437-field_1-last\" class=\"wpforms-field-name-last wpforms-field-required\" name=\"wpforms[fields][1][last]\" required><label for=\"wpforms-437-field_1-last\" class=\"wpforms-field-sublabel after\">Nom<\/label><\/div><\/div><\/div><div id=\"wpforms-437-field_2-container\" class=\"wpforms-field wpforms-field-text\" data-field-id=\"2\"><label class=\"wpforms-field-label\" for=\"wpforms-437-field_2\">Entreprise <span class=\"wpforms-required-label\">*<\/span><\/label><input type=\"text\" id=\"wpforms-437-field_2\" class=\"wpforms-field-medium wpforms-field-required\" name=\"wpforms[fields][2]\" required><\/div><div id=\"wpforms-437-field_6-container\" class=\"wpforms-field wpforms-field-text\" data-field-id=\"6\"><label class=\"wpforms-field-label\" for=\"wpforms-437-field_6\">Adresse de votre boutique<\/label><input type=\"text\" id=\"wpforms-437-field_6\" class=\"wpforms-field-medium\" name=\"wpforms[fields][6]\" ><\/div><div id=\"wpforms-437-field_3-container\" class=\"wpforms-field wpforms-field-email\" data-field-id=\"3\"><label class=\"wpforms-field-label\" for=\"wpforms-437-field_3\">E-mail <span class=\"wpforms-required-label\">*<\/span><\/label><input type=\"email\" id=\"wpforms-437-field_3\" class=\"wpforms-field-medium wpforms-field-required\" name=\"wpforms[fields][3]\" spellcheck=\"false\" required><\/div><div id=\"wpforms-437-field_4-container\" class=\"wpforms-field wpforms-field-text\" data-field-id=\"4\"><label class=\"wpforms-field-label\" for=\"wpforms-437-field_4\">T\u00e9l\u00e9phone <span class=\"wpforms-required-label\">*<\/span><\/label><input type=\"text\" id=\"wpforms-437-field_4\" class=\"wpforms-field-small wpforms-field-required\" name=\"wpforms[fields][4]\" required><\/div><div id=\"wpforms-437-field_5-container\" class=\"wpforms-field wpforms-field-checkbox\" data-field-id=\"5\"><label class=\"wpforms-field-label\">Quelles cat\u00e9gorie(s) de produits Guimauve &amp; Iris souhaitez vous revendre ? <span class=\"wpforms-required-label\">*<\/span><\/label><ul id=\"wpforms-437-field_5\" class=\"wpforms-field-required\" data-choice-limit=\"3\"><li class=\"choice-1 depth-1\"><input type=\"checkbox\" id=\"wpforms-437-field_5_1\" data-rule-check-limit=\"true\" name=\"wpforms[fields][5][]\" value=\"Grossesse\" required ><label class=\"wpforms-field-label-inline\" for=\"wpforms-437-field_5_1\">Grossesse<\/label><\/li><li class=\"choice-2 depth-1\"><input type=\"checkbox\" id=\"wpforms-437-field_5_2\" data-rule-check-limit=\"true\" name=\"wpforms[fields][5][]\" value=\"Naissance\" required ><label class=\"wpforms-field-label-inline\" for=\"wpforms-437-field_5_2\">Naissance<\/label><\/li><li class=\"choice-3 depth-1\"><input type=\"checkbox\" id=\"wpforms-437-field_5_3\" data-rule-check-limit=\"true\" name=\"wpforms[fields][5][]\" value=\"C\u00e9r\u00e9monie\" required ><label class=\"wpforms-field-label-inline\" for=\"wpforms-437-field_5_3\">C\u00e9r\u00e9monie<\/label><\/li><\/ul><\/div><div id=\"wpforms-437-field_7-container\" class=\"wpforms-field wpforms-field-textarea\" data-field-id=\"7\"><label class=\"wpforms-field-label\" for=\"wpforms-437-field_7\">Votre message <span class=\"wpforms-required-label\">*<\/span><\/label><textarea id=\"wpforms-437-field_7\" class=\"wpforms-field-medium wpforms-field-required\" name=\"wpforms[fields][7]\" required><\/textarea><\/div><div id=\"wpforms-437-field_8-container\" class=\"wpforms-field wpforms-field-text\" data-field-id=\"8\"><label class=\"wpforms-field-label\" for=\"wpforms-437-field_8\">Comment avez vous d\u00e9couvert les produits Guimauve &amp; Iris ? <span class=\"wpforms-required-label\">*<\/span><\/label><input type=\"text\" id=\"wpforms-437-field_8\" class=\"wpforms-field-medium wpforms-field-required\" name=\"wpforms[fields][8]\" required><\/div><\/div><!-- .wpforms-field-container --><div class=\"wpforms-submit-container\" ><input type=\"hidden\" name=\"wpforms[id]\" value=\"437\"><input type=\"hidden\" name=\"page_title\" value=\"\"><input type=\"hidden\" name=\"page_url\" value=\"https:\/\/guimauve-iris.fr\/index.php\/wp-json\/wp\/v2\/pages\/453\"><input type=\"hidden\" name=\"url_referer\" value=\"\"><button type=\"submit\" name=\"wpforms[submit]\" id=\"wpforms-submit-437\" class=\"wpforms-submit\" data-alt-text=\"Envoi...\" data-submit-text=\"Envoyer\" aria-live=\"assertive\" value=\"wpforms-submit\">Envoyer<\/button><img loading=\"lazy\" decoding=\"async\" src=\"https:\/\/guimauve-iris.fr\/wp-content\/plugins\/wpforms-lite\/assets\/images\/submit-spin.svg\" class=\"wpforms-submit-spinner\" style=\"display: none;\" width=\"26\" height=\"26\" alt=\"Chargement en cours\"><\/div><\/form><\/div>  <!-- .wpforms-container -->\n\n\n<hr class=\"wp-block-separator has-alpha-channel-opacity\"\/>\n\n\n\n<div style=\"height:100px\" aria-hidden=\"true\" class=\"wp-block-spacer\"><\/div>\n\n\n\n<div class=\"wp-block-group has-background\" style=\"background-color:#9e9bc9\"><div class=\"wp-block-group__inner-container is-layout-constrained wp-block-group-is-layout-constrained\">\n<h2 class=\"wp-block-heading has-text-align-center has-white-color has-text-color\">Ces revendeurs qui nous font confiance <\/h2>\n\n\n\n<div class=\"wp-block-columns is-layout-flex wp-container-core-columns-is-layout-9d6595d7 wp-block-columns-is-layout-flex\">\n<div class=\"wp-block-column is-layout-flow wp-block-column-is-layout-flow\"><\/div>\n\n\n\n<div class=\"wp-block-column is-layout-flow wp-block-column-is-layout-flow\"><\/div>\n\n\n\n<div class=\"wp-block-column is-layout-flow wp-block-column-is-layout-flow\"><\/div>\n<\/div>\n<\/div><\/div>\n\n\n\n<p class=\"has-text-align-center\">Vous vous demandez qui sont nos autres revendeurs ? Consultez la liste <a href=\"https:\/\/guimauve-iris.fr\/index.php\/trouver-une-boutique\/\">ici<\/a>.<\/p>\n","protected":false},"excerpt":{"rendered":"<p>Vous g\u00e9rez une boutique et souhaiteriez y proposer les produits Guimauve &amp; Iris ? Remplissez le formulaire ci-dessous et nous reviendrons vers vous dans les meilleurs d\u00e9lais. Etre revendeur Guimauve &amp; Iris c&rsquo;est : Un promesse de qualit\u00e9 De nouvelles collections chaque ann\u00e9e De la libert\u00e9, vous choisissez ce que vous vendez Ces revendeurs qui [&hellip;]<\/p>\n","protected":false},"author":1,"featured_media":0,"parent":0,"menu_order":0,"comment_status":"closed","ping_status":"closed","template":"","meta":{"_monsterinsights_skip_tracking":false,"_monsterinsights_sitenote_active":false,"_monsterinsights_sitenote_note":"","_monsterinsights_sitenote_category":0,"footnotes":""},"class_list":["post-453","page","type-page","status-publish","hentry","entry","owp-thumbs-layout-horizontal","owp-btn-normal","owp-tabs-layout-horizontal","has-no-thumbnails","has-product-nav"],"yoast_head":"<!-- This site is optimized with the Yoast SEO plugin v27.0 - https:\/\/yoast.com\/product\/yoast-seo-wordpress\/ -->\n<title>Devenir revendeur - Guimauve &amp; Iris<\/title>\n<meta name=\"description\" content=\"Devenir revendeur des produits Guimauve &amp; Iris, c&#039;est simple : remplissez le formulaire ! Nos produits arriveront vite dans votre boutique.\" \/>\n<meta name=\"robots\" content=\"index, follow, max-snippet:-1, max-image-preview:large, max-video-preview:-1\" \/>\n<link rel=\"canonical\" href=\"https:\/\/guimauve-iris.fr\/index.php\/devenir-revendeur\/\" \/>\n<meta property=\"og:locale\" content=\"fr_FR\" \/>\n<meta property=\"og:type\" content=\"article\" \/>\n<meta property=\"og:title\" content=\"Devenir revendeur - Guimauve &amp; Iris\" \/>\n<meta property=\"og:description\" content=\"Devenir revendeur des produits Guimauve &amp; Iris, c&#039;est simple : remplissez le formulaire ! Nos produits arriveront vite dans votre boutique.\" \/>\n<meta property=\"og:url\" content=\"https:\/\/guimauve-iris.fr\/index.php\/devenir-revendeur\/\" \/>\n<meta property=\"og:site_name\" content=\"Guimauve &amp; Iris\" \/>\n<meta property=\"article:modified_time\" content=\"2023-04-16T12:03:59+00:00\" \/>\n<meta property=\"og:image\" content=\"http:\/\/guimauve-iris.fr\/wp-content\/uploads\/2022\/12\/322193589_3351752175094376_4079861597528810066_n.jpg\" \/>\n<meta name=\"twitter:card\" content=\"summary_large_image\" \/>\n<meta name=\"twitter:label1\" content=\"Dur\u00e9e de lecture estim\u00e9e\" \/>\n\t<meta name=\"twitter:data1\" content=\"2 minutes\" \/>\n<script type=\"application\/ld+json\" class=\"yoast-schema-graph\">{\"@context\":\"https:\/\/schema.org\",\"@graph\":[{\"@type\":\"WebPage\",\"@id\":\"https:\/\/guimauve-iris.fr\/index.php\/devenir-revendeur\/\",\"url\":\"https:\/\/guimauve-iris.fr\/index.php\/devenir-revendeur\/\",\"name\":\"Devenir revendeur - Guimauve &amp; Iris\",\"isPartOf\":{\"@id\":\"https:\/\/guimauve-iris.fr\/#website\"},\"primaryImageOfPage\":{\"@id\":\"https:\/\/guimauve-iris.fr\/index.php\/devenir-revendeur\/#primaryimage\"},\"image\":{\"@id\":\"https:\/\/guimauve-iris.fr\/index.php\/devenir-revendeur\/#primaryimage\"},\"thumbnailUrl\":\"http:\/\/guimauve-iris.fr\/wp-content\/uploads\/2022\/12\/322193589_3351752175094376_4079861597528810066_n.jpg\",\"datePublished\":\"2022-12-27T23:15:09+00:00\",\"dateModified\":\"2023-04-16T12:03:59+00:00\",\"description\":\"Devenir revendeur des produits Guimauve & Iris, c'est simple : remplissez le formulaire ! Nos produits arriveront vite dans votre boutique.\",\"breadcrumb\":{\"@id\":\"https:\/\/guimauve-iris.fr\/index.php\/devenir-revendeur\/#breadcrumb\"},\"inLanguage\":\"fr-FR\",\"potentialAction\":[{\"@type\":\"ReadAction\",\"target\":[\"https:\/\/guimauve-iris.fr\/index.php\/devenir-revendeur\/\"]}]},{\"@type\":\"ImageObject\",\"inLanguage\":\"fr-FR\",\"@id\":\"https:\/\/guimauve-iris.fr\/index.php\/devenir-revendeur\/#primaryimage\",\"url\":\"http:\/\/guimauve-iris.fr\/wp-content\/uploads\/2022\/12\/322193589_3351752175094376_4079861597528810066_n.jpg\",\"contentUrl\":\"http:\/\/guimauve-iris.fr\/wp-content\/uploads\/2022\/12\/322193589_3351752175094376_4079861597528810066_n.jpg\"},{\"@type\":\"BreadcrumbList\",\"@id\":\"https:\/\/guimauve-iris.fr\/index.php\/devenir-revendeur\/#breadcrumb\",\"itemListElement\":[{\"@type\":\"ListItem\",\"position\":1,\"name\":\"Accueil\",\"item\":\"https:\/\/guimauve-iris.fr\/\"},{\"@type\":\"ListItem\",\"position\":2,\"name\":\"Devenir revendeur\"}]},{\"@type\":\"WebSite\",\"@id\":\"https:\/\/guimauve-iris.fr\/#website\",\"url\":\"https:\/\/guimauve-iris.fr\/\",\"name\":\"Guimauve &amp; Iris\",\"description\":\"Pour les petits mais surtout grands \u00e9v\u00e8nements de la vie !\",\"publisher\":{\"@id\":\"https:\/\/guimauve-iris.fr\/#\/schema\/person\/5d02a95ddbd5f4035370a50695fd3860\"},\"potentialAction\":[{\"@type\":\"SearchAction\",\"target\":{\"@type\":\"EntryPoint\",\"urlTemplate\":\"https:\/\/guimauve-iris.fr\/?s={search_term_string}\"},\"query-input\":{\"@type\":\"PropertyValueSpecification\",\"valueRequired\":true,\"valueName\":\"search_term_string\"}}],\"inLanguage\":\"fr-FR\"},{\"@type\":[\"Person\",\"Organization\"],\"@id\":\"https:\/\/guimauve-iris.fr\/#\/schema\/person\/5d02a95ddbd5f4035370a50695fd3860\",\"name\":\"Chlo\u00e9\",\"image\":{\"@type\":\"ImageObject\",\"inLanguage\":\"fr-FR\",\"@id\":\"https:\/\/guimauve-iris.fr\/#\/schema\/person\/image\/\",\"url\":\"https:\/\/guimauve-iris.fr\/wp-content\/uploads\/2022\/10\/cropped-cropped-Logo_Guimauve_et_Iris.png\",\"contentUrl\":\"https:\/\/guimauve-iris.fr\/wp-content\/uploads\/2022\/10\/cropped-cropped-Logo_Guimauve_et_Iris.png\",\"width\":512,\"height\":512,\"caption\":\"Chlo\u00e9\"},\"logo\":{\"@id\":\"https:\/\/guimauve-iris.fr\/#\/schema\/person\/image\/\"},\"sameAs\":[\"http:\/\/guimauve-iris.fr\",\"https:\/\/www.instagram.com\/chloe_creations_naissance\/\"]}]}<\/script>\n<!-- \/ Yoast SEO plugin. -->","yoast_head_json":{"title":"Devenir revendeur - Guimauve &amp; Iris","description":"Devenir revendeur des produits Guimauve & Iris, c'est simple : remplissez le formulaire ! Nos produits arriveront vite dans votre boutique.","robots":{"index":"index","follow":"follow","max-snippet":"max-snippet:-1","max-image-preview":"max-image-preview:large","max-video-preview":"max-video-preview:-1"},"canonical":"https:\/\/guimauve-iris.fr\/index.php\/devenir-revendeur\/","og_locale":"fr_FR","og_type":"article","og_title":"Devenir revendeur - Guimauve &amp; Iris","og_description":"Devenir revendeur des produits Guimauve & Iris, c'est simple : remplissez le formulaire ! Nos produits arriveront vite dans votre boutique.","og_url":"https:\/\/guimauve-iris.fr\/index.php\/devenir-revendeur\/","og_site_name":"Guimauve &amp; Iris","article_modified_time":"2023-04-16T12:03:59+00:00","og_image":[{"url":"http:\/\/guimauve-iris.fr\/wp-content\/uploads\/2022\/12\/322193589_3351752175094376_4079861597528810066_n.jpg","type":"","width":"","height":""}],"twitter_card":"summary_large_image","twitter_misc":{"Dur\u00e9e de lecture estim\u00e9e":"2 minutes"},"schema":{"@context":"https:\/\/schema.org","@graph":[{"@type":"WebPage","@id":"https:\/\/guimauve-iris.fr\/index.php\/devenir-revendeur\/","url":"https:\/\/guimauve-iris.fr\/index.php\/devenir-revendeur\/","name":"Devenir revendeur - Guimauve &amp; Iris","isPartOf":{"@id":"https:\/\/guimauve-iris.fr\/#website"},"primaryImageOfPage":{"@id":"https:\/\/guimauve-iris.fr\/index.php\/devenir-revendeur\/#primaryimage"},"image":{"@id":"https:\/\/guimauve-iris.fr\/index.php\/devenir-revendeur\/#primaryimage"},"thumbnailUrl":"http:\/\/guimauve-iris.fr\/wp-content\/uploads\/2022\/12\/322193589_3351752175094376_4079861597528810066_n.jpg","datePublished":"2022-12-27T23:15:09+00:00","dateModified":"2023-04-16T12:03:59+00:00","description":"Devenir revendeur des produits Guimauve & Iris, c'est simple : remplissez le formulaire ! Nos produits arriveront vite dans votre boutique.","breadcrumb":{"@id":"https:\/\/guimauve-iris.fr\/index.php\/devenir-revendeur\/#breadcrumb"},"inLanguage":"fr-FR","potentialAction":[{"@type":"ReadAction","target":["https:\/\/guimauve-iris.fr\/index.php\/devenir-revendeur\/"]}]},{"@type":"ImageObject","inLanguage":"fr-FR","@id":"https:\/\/guimauve-iris.fr\/index.php\/devenir-revendeur\/#primaryimage","url":"http:\/\/guimauve-iris.fr\/wp-content\/uploads\/2022\/12\/322193589_3351752175094376_4079861597528810066_n.jpg","contentUrl":"http:\/\/guimauve-iris.fr\/wp-content\/uploads\/2022\/12\/322193589_3351752175094376_4079861597528810066_n.jpg"},{"@type":"BreadcrumbList","@id":"https:\/\/guimauve-iris.fr\/index.php\/devenir-revendeur\/#breadcrumb","itemListElement":[{"@type":"ListItem","position":1,"name":"Accueil","item":"https:\/\/guimauve-iris.fr\/"},{"@type":"ListItem","position":2,"name":"Devenir revendeur"}]},{"@type":"WebSite","@id":"https:\/\/guimauve-iris.fr\/#website","url":"https:\/\/guimauve-iris.fr\/","name":"Guimauve &amp; Iris","description":"Pour les petits mais surtout grands \u00e9v\u00e8nements de la vie !","publisher":{"@id":"https:\/\/guimauve-iris.fr\/#\/schema\/person\/5d02a95ddbd5f4035370a50695fd3860"},"potentialAction":[{"@type":"SearchAction","target":{"@type":"EntryPoint","urlTemplate":"https:\/\/guimauve-iris.fr\/?s={search_term_string}"},"query-input":{"@type":"PropertyValueSpecification","valueRequired":true,"valueName":"search_term_string"}}],"inLanguage":"fr-FR"},{"@type":["Person","Organization"],"@id":"https:\/\/guimauve-iris.fr\/#\/schema\/person\/5d02a95ddbd5f4035370a50695fd3860","name":"Chlo\u00e9","image":{"@type":"ImageObject","inLanguage":"fr-FR","@id":"https:\/\/guimauve-iris.fr\/#\/schema\/person\/image\/","url":"https:\/\/guimauve-iris.fr\/wp-content\/uploads\/2022\/10\/cropped-cropped-Logo_Guimauve_et_Iris.png","contentUrl":"https:\/\/guimauve-iris.fr\/wp-content\/uploads\/2022\/10\/cropped-cropped-Logo_Guimauve_et_Iris.png","width":512,"height":512,"caption":"Chlo\u00e9"},"logo":{"@id":"https:\/\/guimauve-iris.fr\/#\/schema\/person\/image\/"},"sameAs":["http:\/\/guimauve-iris.fr","https:\/\/www.instagram.com\/chloe_creations_naissance\/"]}]}},"_links":{"self":[{"href":"https:\/\/guimauve-iris.fr\/index.php\/wp-json\/wp\/v2\/pages\/453","targetHints":{"allow":["GET"]}}],"collection":[{"href":"https:\/\/guimauve-iris.fr\/index.php\/wp-json\/wp\/v2\/pages"}],"about":[{"href":"https:\/\/guimauve-iris.fr\/index.php\/wp-json\/wp\/v2\/types\/page"}],"author":[{"embeddable":true,"href":"https:\/\/guimauve-iris.fr\/index.php\/wp-json\/wp\/v2\/users\/1"}],"replies":[{"embeddable":true,"href":"https:\/\/guimauve-iris.fr\/index.php\/wp-json\/wp\/v2\/comments?post=453"}],"version-history":[{"count":8,"href":"https:\/\/guimauve-iris.fr\/index.php\/wp-json\/wp\/v2\/pages\/453\/revisions"}],"predecessor-version":[{"id":715,"href":"https:\/\/guimauve-iris.fr\/index.php\/wp-json\/wp\/v2\/pages\/453\/revisions\/715"}],"wp:attachment":[{"href":"https:\/\/guimauve-iris.fr\/index.php\/wp-json\/wp\/v2\/media?parent=453"}],"curies":[{"name":"wp","href":"https:\/\/api.w.org\/{rel}","templated":true}]}}