{"id":396,"date":"2022-10-31T03:20:12","date_gmt":"2022-10-31T02:20:12","guid":{"rendered":"http:\/\/guimauve-iris.fr\/?page_id=396"},"modified":"2023-03-04T14:06:46","modified_gmt":"2023-03-04T13:06:46","slug":"trouver-une-boutique","status":"publish","type":"page","link":"https:\/\/guimauve-iris.fr\/index.php\/trouver-une-boutique\/","title":{"rendered":"Trouver une boutique"},"content":{"rendered":"\n<div class=\"wp-block-cover is-light\"><span aria-hidden=\"true\" class=\"wp-block-cover__background has-white-background-color has-background-dim-0 has-background-dim\"><\/span><img loading=\"lazy\" decoding=\"async\" width=\"1536\" height=\"2048\" class=\"wp-block-cover__image-background wp-image-554\" alt=\"\" src=\"https:\/\/guimauve-iris.fr\/wp-content\/uploads\/2022\/12\/321947500_552279796531626_1356863957298342104_n-3.jpg\" style=\"object-position:63% 57%\" data-object-fit=\"cover\" data-object-position=\"63% 57%\" srcset=\"https:\/\/guimauve-iris.fr\/wp-content\/uploads\/2022\/12\/321947500_552279796531626_1356863957298342104_n-3.jpg 1536w, https:\/\/guimauve-iris.fr\/wp-content\/uploads\/2022\/12\/321947500_552279796531626_1356863957298342104_n-3-225x300.jpg 225w, https:\/\/guimauve-iris.fr\/wp-content\/uploads\/2022\/12\/321947500_552279796531626_1356863957298342104_n-3-768x1024.jpg 768w, https:\/\/guimauve-iris.fr\/wp-content\/uploads\/2022\/12\/321947500_552279796531626_1356863957298342104_n-3-1152x1536.jpg 1152w, https:\/\/guimauve-iris.fr\/wp-content\/uploads\/2022\/12\/321947500_552279796531626_1356863957298342104_n-3-600x800.jpg 600w\" sizes=\"auto, (max-width: 1536px) 100vw, 1536px\" \/><div class=\"wp-block-cover__inner-container is-layout-flow wp-block-cover-is-layout-flow\">\n<p class=\"has-text-align-center has-white-color has-text-color has-background has-large-font-size\" style=\"background-color:#9e9bc9b3\">Allez \u00e0 la rencontre de nos revendeurs<\/p>\n<\/div><\/div>\n\n\n\n<hr class=\"wp-block-separator has-alpha-channel-opacity\"\/>\n\n\n\n<p class=\"has-text-align-center\">Afin d&rsquo;\u00eatre au plus pr\u00e8s de vous, Guimauve &amp; Iris s&rsquo;invite dans les boutiques pr\u00e8s de chez vous. Chez nos revendeurs vous retrouverez certains des produits propos\u00e9s sur notre site internet, les produits personnalis\u00e9s n&rsquo;y seront cependant pas pr\u00e9sents.<\/p>\n\n\n\n<p class=\"has-text-align-center\">La liste de nos distributeurs est en construction, n&rsquo;h\u00e9sitez pas \u00e0 revenir la consulter dans quelques temps. En attendant, n&rsquo;h\u00e9sitez pas \u00e0<a data-type=\"page\" data-id=\"177\" href=\"https:\/\/guimauve-iris.fr\/index.php\/nous-contacter\/\"> nous contacter<\/a> si vous avez besoin d&rsquo;information !<\/p>\n\n\n\n<hr class=\"wp-block-separator has-alpha-channel-opacity\"\/>\n\n\n\n<div style=\"height:100px\" aria-hidden=\"true\" class=\"wp-block-spacer\"><\/div>\n\n\n\n<div class=\"wp-block-group alignfull has-background\" style=\"background-color:#9e9bc94d\"><div class=\"wp-block-group__inner-container is-layout-constrained wp-block-group-is-layout-constrained\">\n<h2 class=\"has-text-align-center wp-block-heading\">Les revendeurs Guimauve &amp; Iris sont :<\/h2>\n\n\n\n<div class=\"wp-block-columns is-layout-flex wp-container-core-columns-is-layout-9d6595d7 wp-block-columns-is-layout-flex\">\n<div class=\"wp-block-column is-layout-flow wp-block-column-is-layout-flow\">\n<figure class=\"wp-block-image size-large\"><a href=\"https:\/\/guimauve-iris.fr\/wp-content\/uploads\/2022\/12\/IMG_0601.png\"><img loading=\"lazy\" decoding=\"async\" width=\"2246\" height=\"1546\" src=\"https:\/\/guimauve-iris.fr\/wp-content\/uploads\/2022\/12\/IMG_0601-edited.png\" alt=\"Illustration revendeurs souriants et accueillants repr\u00e9sentant un c\u0153ur au creux de deux mains\" class=\"wp-image-568\" srcset=\"https:\/\/guimauve-iris.fr\/wp-content\/uploads\/2022\/12\/IMG_0601-edited.png 2246w, https:\/\/guimauve-iris.fr\/wp-content\/uploads\/2022\/12\/IMG_0601-edited-300x207.png 300w, https:\/\/guimauve-iris.fr\/wp-content\/uploads\/2022\/12\/IMG_0601-edited-1024x705.png 1024w, https:\/\/guimauve-iris.fr\/wp-content\/uploads\/2022\/12\/IMG_0601-edited-768x529.png 768w, https:\/\/guimauve-iris.fr\/wp-content\/uploads\/2022\/12\/IMG_0601-edited-1536x1057.png 1536w, https:\/\/guimauve-iris.fr\/wp-content\/uploads\/2022\/12\/IMG_0601-edited-2048x1410.png 2048w, https:\/\/guimauve-iris.fr\/wp-content\/uploads\/2022\/12\/IMG_0601-edited-600x413.png 600w\" sizes=\"auto, (max-width: 2246px) 100vw, 2246px\" \/><\/a><\/figure>\n\n\n\n<p class=\"has-text-align-center\">Souriants et accueillants<\/p>\n<\/div>\n\n\n\n<div class=\"wp-block-column is-layout-flow wp-block-column-is-layout-flow\">\n<figure class=\"wp-block-image size-large\"><a href=\"https:\/\/guimauve-iris.fr\/wp-content\/uploads\/2022\/12\/IMG_0597.png\"><img loading=\"lazy\" decoding=\"async\" width=\"2139\" height=\"1472\" src=\"https:\/\/guimauve-iris.fr\/wp-content\/uploads\/2022\/12\/IMG_0597-edited.png\" alt=\"Illustration revendeurs uniques et ind\u00e9pendants repr\u00e9sentant une fa\u00e7ade de boutique vintage\" class=\"wp-image-567\" srcset=\"https:\/\/guimauve-iris.fr\/wp-content\/uploads\/2022\/12\/IMG_0597-edited.png 2139w, https:\/\/guimauve-iris.fr\/wp-content\/uploads\/2022\/12\/IMG_0597-edited-300x206.png 300w, https:\/\/guimauve-iris.fr\/wp-content\/uploads\/2022\/12\/IMG_0597-edited-1024x705.png 1024w, https:\/\/guimauve-iris.fr\/wp-content\/uploads\/2022\/12\/IMG_0597-edited-768x529.png 768w, https:\/\/guimauve-iris.fr\/wp-content\/uploads\/2022\/12\/IMG_0597-edited-1536x1057.png 1536w, https:\/\/guimauve-iris.fr\/wp-content\/uploads\/2022\/12\/IMG_0597-edited-2048x1409.png 2048w, https:\/\/guimauve-iris.fr\/wp-content\/uploads\/2022\/12\/IMG_0597-edited-600x413.png 600w\" sizes=\"auto, (max-width: 2139px) 100vw, 2139px\" \/><\/a><\/figure>\n\n\n\n<p class=\"has-text-align-center\">Uniques et ind\u00e9pendants<\/p>\n<\/div>\n\n\n\n<div class=\"wp-block-column is-layout-flow wp-block-column-is-layout-flow\">\n<figure class=\"wp-block-image size-large\"><a href=\"https:\/\/guimauve-iris.fr\/wp-content\/uploads\/2022\/12\/IMG_0600.png\"><img loading=\"lazy\" decoding=\"async\" width=\"1024\" height=\"705\" src=\"https:\/\/guimauve-iris.fr\/wp-content\/uploads\/2022\/12\/IMG_0600-1024x705.png\" alt=\"Illustration revendeurs \u00e0 l'\u00e9coute repr\u00e9sentant une oreille\" class=\"wp-image-565\" srcset=\"https:\/\/guimauve-iris.fr\/wp-content\/uploads\/2022\/12\/IMG_0600-1024x705.png 1024w, https:\/\/guimauve-iris.fr\/wp-content\/uploads\/2022\/12\/IMG_0600-300x206.png 300w, https:\/\/guimauve-iris.fr\/wp-content\/uploads\/2022\/12\/IMG_0600-768x528.png 768w, https:\/\/guimauve-iris.fr\/wp-content\/uploads\/2022\/12\/IMG_0600-1536x1057.png 1536w, https:\/\/guimauve-iris.fr\/wp-content\/uploads\/2022\/12\/IMG_0600-2048x1409.png 2048w, https:\/\/guimauve-iris.fr\/wp-content\/uploads\/2022\/12\/IMG_0600-600x413.png 600w\" sizes=\"auto, (max-width: 1024px) 100vw, 1024px\" \/><\/a><\/figure>\n\n\n\n<p class=\"has-text-align-center\">A votre \u00e9coute pour mieux vous conseiller<\/p>\n<\/div>\n<\/div>\n<\/div><\/div>\n\n\n\n<div style=\"height:100px\" aria-hidden=\"true\" class=\"wp-block-spacer\"><\/div>\n\n\n\n<hr class=\"wp-block-separator has-alpha-channel-opacity\"\/>\n\n\n\n<p class=\"has-text-align-center\">Vous g\u00e9rez une boutique et souhaiteriez y proposer nos produits ?<\/p>\n\n\n\n<div class=\"wp-block-buttons is-content-justification-center is-layout-flex wp-container-core-buttons-is-layout-16018d1d wp-block-buttons-is-layout-flex\">\n<div class=\"wp-block-button\"><a class=\"wp-block-button__link has-vivid-purple-background-color has-background wp-element-button\" href=\"https:\/\/guimauve-iris.fr\/index.php\/devenir-revendeur\/\">Devenir revendeur<\/a><\/div>\n<\/div>\n\n\n\n<p class=\"has-text-align-center\"><\/p>\n","protected":false},"excerpt":{"rendered":"<p>Afin d&rsquo;\u00eatre au plus pr\u00e8s de vous, Guimauve &amp; Iris s&rsquo;invite dans les boutiques pr\u00e8s de chez vous. Chez nos revendeurs vous retrouverez certains des produits propos\u00e9s sur notre site internet, les produits personnalis\u00e9s n&rsquo;y seront cependant pas pr\u00e9sents. La liste de nos distributeurs est en construction, n&rsquo;h\u00e9sitez pas \u00e0 revenir la consulter dans quelques [&hellip;]<\/p>\n","protected":false},"author":1,"featured_media":0,"parent":0,"menu_order":0,"comment_status":"closed","ping_status":"closed","template":"","meta":{"_monsterinsights_skip_tracking":false,"_monsterinsights_sitenote_active":false,"_monsterinsights_sitenote_note":"","_monsterinsights_sitenote_category":0,"footnotes":""},"class_list":["post-396","page","type-page","status-publish","hentry","entry","owp-thumbs-layout-horizontal","owp-btn-normal","owp-tabs-layout-horizontal","has-no-thumbnails","has-product-nav"],"yoast_head":"<!-- This site is optimized with the Yoast SEO plugin v27.0 - https:\/\/yoast.com\/product\/yoast-seo-wordpress\/ -->\n<title>Trouver une boutique - Guimauve &amp; Iris<\/title>\n<meta name=\"description\" content=\"Afin d&#039;\u00eatre au plus pr\u00e8s de vous, Guimauve &amp; Iris s&#039;invite chez des boutiques, des revendeurs qui nous ont choisi pour compl\u00e9ter leur offre.\" \/>\n<meta name=\"robots\" content=\"index, follow, max-snippet:-1, max-image-preview:large, max-video-preview:-1\" \/>\n<link rel=\"canonical\" href=\"https:\/\/guimauve-iris.fr\/index.php\/trouver-une-boutique\/\" \/>\n<meta property=\"og:locale\" content=\"fr_FR\" \/>\n<meta property=\"og:type\" content=\"article\" \/>\n<meta property=\"og:title\" content=\"Trouver une boutique - Guimauve &amp; Iris\" \/>\n<meta property=\"og:description\" content=\"Afin d&#039;\u00eatre au plus pr\u00e8s de vous, Guimauve &amp; Iris s&#039;invite chez des boutiques, des revendeurs qui nous ont choisi pour compl\u00e9ter leur offre.\" \/>\n<meta property=\"og:url\" content=\"https:\/\/guimauve-iris.fr\/index.php\/trouver-une-boutique\/\" \/>\n<meta property=\"og:site_name\" content=\"Guimauve &amp; Iris\" \/>\n<meta property=\"article:modified_time\" content=\"2023-03-04T13:06:46+00:00\" \/>\n<meta property=\"og:image\" content=\"http:\/\/guimauve-iris.fr\/wp-content\/uploads\/2022\/12\/321947500_552279796531626_1356863957298342104_n-3.jpg\" \/>\n<meta name=\"twitter:card\" content=\"summary_large_image\" \/>\n<meta name=\"twitter:label1\" content=\"Dur\u00e9e de lecture estim\u00e9e\" \/>\n\t<meta name=\"twitter:data1\" content=\"2 minutes\" \/>\n<script type=\"application\/ld+json\" class=\"yoast-schema-graph\">{\"@context\":\"https:\/\/schema.org\",\"@graph\":[{\"@type\":\"WebPage\",\"@id\":\"https:\/\/guimauve-iris.fr\/index.php\/trouver-une-boutique\/\",\"url\":\"https:\/\/guimauve-iris.fr\/index.php\/trouver-une-boutique\/\",\"name\":\"Trouver une boutique - Guimauve &amp; Iris\",\"isPartOf\":{\"@id\":\"https:\/\/guimauve-iris.fr\/#website\"},\"primaryImageOfPage\":{\"@id\":\"https:\/\/guimauve-iris.fr\/index.php\/trouver-une-boutique\/#primaryimage\"},\"image\":{\"@id\":\"https:\/\/guimauve-iris.fr\/index.php\/trouver-une-boutique\/#primaryimage\"},\"thumbnailUrl\":\"http:\/\/guimauve-iris.fr\/wp-content\/uploads\/2022\/12\/321947500_552279796531626_1356863957298342104_n-3.jpg\",\"datePublished\":\"2022-10-31T02:20:12+00:00\",\"dateModified\":\"2023-03-04T13:06:46+00:00\",\"description\":\"Afin d'\u00eatre au plus pr\u00e8s de vous, Guimauve & Iris s'invite chez des boutiques, des revendeurs qui nous ont choisi pour compl\u00e9ter leur offre.\",\"breadcrumb\":{\"@id\":\"https:\/\/guimauve-iris.fr\/index.php\/trouver-une-boutique\/#breadcrumb\"},\"inLanguage\":\"fr-FR\",\"potentialAction\":[{\"@type\":\"ReadAction\",\"target\":[\"https:\/\/guimauve-iris.fr\/index.php\/trouver-une-boutique\/\"]}]},{\"@type\":\"ImageObject\",\"inLanguage\":\"fr-FR\",\"@id\":\"https:\/\/guimauve-iris.fr\/index.php\/trouver-une-boutique\/#primaryimage\",\"url\":\"https:\/\/guimauve-iris.fr\/wp-content\/uploads\/2022\/12\/321947500_552279796531626_1356863957298342104_n-3.jpg\",\"contentUrl\":\"https:\/\/guimauve-iris.fr\/wp-content\/uploads\/2022\/12\/321947500_552279796531626_1356863957298342104_n-3.jpg\",\"width\":1536,\"height\":2048},{\"@type\":\"BreadcrumbList\",\"@id\":\"https:\/\/guimauve-iris.fr\/index.php\/trouver-une-boutique\/#breadcrumb\",\"itemListElement\":[{\"@type\":\"ListItem\",\"position\":1,\"name\":\"Accueil\",\"item\":\"https:\/\/guimauve-iris.fr\/\"},{\"@type\":\"ListItem\",\"position\":2,\"name\":\"Trouver une boutique\"}]},{\"@type\":\"WebSite\",\"@id\":\"https:\/\/guimauve-iris.fr\/#website\",\"url\":\"https:\/\/guimauve-iris.fr\/\",\"name\":\"Guimauve &amp; Iris\",\"description\":\"Pour les petits mais surtout grands \u00e9v\u00e8nements de la vie !\",\"publisher\":{\"@id\":\"https:\/\/guimauve-iris.fr\/#\/schema\/person\/5d02a95ddbd5f4035370a50695fd3860\"},\"potentialAction\":[{\"@type\":\"SearchAction\",\"target\":{\"@type\":\"EntryPoint\",\"urlTemplate\":\"https:\/\/guimauve-iris.fr\/?s={search_term_string}\"},\"query-input\":{\"@type\":\"PropertyValueSpecification\",\"valueRequired\":true,\"valueName\":\"search_term_string\"}}],\"inLanguage\":\"fr-FR\"},{\"@type\":[\"Person\",\"Organization\"],\"@id\":\"https:\/\/guimauve-iris.fr\/#\/schema\/person\/5d02a95ddbd5f4035370a50695fd3860\",\"name\":\"Chlo\u00e9\",\"image\":{\"@type\":\"ImageObject\",\"inLanguage\":\"fr-FR\",\"@id\":\"https:\/\/guimauve-iris.fr\/#\/schema\/person\/image\/\",\"url\":\"https:\/\/guimauve-iris.fr\/wp-content\/uploads\/2022\/10\/cropped-cropped-Logo_Guimauve_et_Iris.png\",\"contentUrl\":\"https:\/\/guimauve-iris.fr\/wp-content\/uploads\/2022\/10\/cropped-cropped-Logo_Guimauve_et_Iris.png\",\"width\":512,\"height\":512,\"caption\":\"Chlo\u00e9\"},\"logo\":{\"@id\":\"https:\/\/guimauve-iris.fr\/#\/schema\/person\/image\/\"},\"sameAs\":[\"http:\/\/guimauve-iris.fr\",\"https:\/\/www.instagram.com\/chloe_creations_naissance\/\"]}]}<\/script>\n<!-- \/ Yoast SEO plugin. -->","yoast_head_json":{"title":"Trouver une boutique - Guimauve &amp; Iris","description":"Afin d'\u00eatre au plus pr\u00e8s de vous, Guimauve & Iris s'invite chez des boutiques, des revendeurs qui nous ont choisi pour compl\u00e9ter leur offre.","robots":{"index":"index","follow":"follow","max-snippet":"max-snippet:-1","max-image-preview":"max-image-preview:large","max-video-preview":"max-video-preview:-1"},"canonical":"https:\/\/guimauve-iris.fr\/index.php\/trouver-une-boutique\/","og_locale":"fr_FR","og_type":"article","og_title":"Trouver une boutique - Guimauve &amp; Iris","og_description":"Afin d'\u00eatre au plus pr\u00e8s de vous, Guimauve & Iris s'invite chez des boutiques, des revendeurs qui nous ont choisi pour compl\u00e9ter leur offre.","og_url":"https:\/\/guimauve-iris.fr\/index.php\/trouver-une-boutique\/","og_site_name":"Guimauve &amp; Iris","article_modified_time":"2023-03-04T13:06:46+00:00","og_image":[{"url":"http:\/\/guimauve-iris.fr\/wp-content\/uploads\/2022\/12\/321947500_552279796531626_1356863957298342104_n-3.jpg","type":"","width":"","height":""}],"twitter_card":"summary_large_image","twitter_misc":{"Dur\u00e9e de lecture estim\u00e9e":"2 minutes"},"schema":{"@context":"https:\/\/schema.org","@graph":[{"@type":"WebPage","@id":"https:\/\/guimauve-iris.fr\/index.php\/trouver-une-boutique\/","url":"https:\/\/guimauve-iris.fr\/index.php\/trouver-une-boutique\/","name":"Trouver une boutique - Guimauve &amp; Iris","isPartOf":{"@id":"https:\/\/guimauve-iris.fr\/#website"},"primaryImageOfPage":{"@id":"https:\/\/guimauve-iris.fr\/index.php\/trouver-une-boutique\/#primaryimage"},"image":{"@id":"https:\/\/guimauve-iris.fr\/index.php\/trouver-une-boutique\/#primaryimage"},"thumbnailUrl":"http:\/\/guimauve-iris.fr\/wp-content\/uploads\/2022\/12\/321947500_552279796531626_1356863957298342104_n-3.jpg","datePublished":"2022-10-31T02:20:12+00:00","dateModified":"2023-03-04T13:06:46+00:00","description":"Afin d'\u00eatre au plus pr\u00e8s de vous, Guimauve & Iris s'invite chez des boutiques, des revendeurs qui nous ont choisi pour compl\u00e9ter leur offre.","breadcrumb":{"@id":"https:\/\/guimauve-iris.fr\/index.php\/trouver-une-boutique\/#breadcrumb"},"inLanguage":"fr-FR","potentialAction":[{"@type":"ReadAction","target":["https:\/\/guimauve-iris.fr\/index.php\/trouver-une-boutique\/"]}]},{"@type":"ImageObject","inLanguage":"fr-FR","@id":"https:\/\/guimauve-iris.fr\/index.php\/trouver-une-boutique\/#primaryimage","url":"https:\/\/guimauve-iris.fr\/wp-content\/uploads\/2022\/12\/321947500_552279796531626_1356863957298342104_n-3.jpg","contentUrl":"https:\/\/guimauve-iris.fr\/wp-content\/uploads\/2022\/12\/321947500_552279796531626_1356863957298342104_n-3.jpg","width":1536,"height":2048},{"@type":"BreadcrumbList","@id":"https:\/\/guimauve-iris.fr\/index.php\/trouver-une-boutique\/#breadcrumb","itemListElement":[{"@type":"ListItem","position":1,"name":"Accueil","item":"https:\/\/guimauve-iris.fr\/"},{"@type":"ListItem","position":2,"name":"Trouver une boutique"}]},{"@type":"WebSite","@id":"https:\/\/guimauve-iris.fr\/#website","url":"https:\/\/guimauve-iris.fr\/","name":"Guimauve &amp; Iris","description":"Pour les petits mais surtout grands \u00e9v\u00e8nements de la vie !","publisher":{"@id":"https:\/\/guimauve-iris.fr\/#\/schema\/person\/5d02a95ddbd5f4035370a50695fd3860"},"potentialAction":[{"@type":"SearchAction","target":{"@type":"EntryPoint","urlTemplate":"https:\/\/guimauve-iris.fr\/?s={search_term_string}"},"query-input":{"@type":"PropertyValueSpecification","valueRequired":true,"valueName":"search_term_string"}}],"inLanguage":"fr-FR"},{"@type":["Person","Organization"],"@id":"https:\/\/guimauve-iris.fr\/#\/schema\/person\/5d02a95ddbd5f4035370a50695fd3860","name":"Chlo\u00e9","image":{"@type":"ImageObject","inLanguage":"fr-FR","@id":"https:\/\/guimauve-iris.fr\/#\/schema\/person\/image\/","url":"https:\/\/guimauve-iris.fr\/wp-content\/uploads\/2022\/10\/cropped-cropped-Logo_Guimauve_et_Iris.png","contentUrl":"https:\/\/guimauve-iris.fr\/wp-content\/uploads\/2022\/10\/cropped-cropped-Logo_Guimauve_et_Iris.png","width":512,"height":512,"caption":"Chlo\u00e9"},"logo":{"@id":"https:\/\/guimauve-iris.fr\/#\/schema\/person\/image\/"},"sameAs":["http:\/\/guimauve-iris.fr","https:\/\/www.instagram.com\/chloe_creations_naissance\/"]}]}},"_links":{"self":[{"href":"https:\/\/guimauve-iris.fr\/index.php\/wp-json\/wp\/v2\/pages\/396","targetHints":{"allow":["GET"]}}],"collection":[{"href":"https:\/\/guimauve-iris.fr\/index.php\/wp-json\/wp\/v2\/pages"}],"about":[{"href":"https:\/\/guimauve-iris.fr\/index.php\/wp-json\/wp\/v2\/types\/page"}],"author":[{"embeddable":true,"href":"https:\/\/guimauve-iris.fr\/index.php\/wp-json\/wp\/v2\/users\/1"}],"replies":[{"embeddable":true,"href":"https:\/\/guimauve-iris.fr\/index.php\/wp-json\/wp\/v2\/comments?post=396"}],"version-history":[{"count":15,"href":"https:\/\/guimauve-iris.fr\/index.php\/wp-json\/wp\/v2\/pages\/396\/revisions"}],"predecessor-version":[{"id":632,"href":"https:\/\/guimauve-iris.fr\/index.php\/wp-json\/wp\/v2\/pages\/396\/revisions\/632"}],"wp:attachment":[{"href":"https:\/\/guimauve-iris.fr\/index.php\/wp-json\/wp\/v2\/media?parent=396"}],"curies":[{"name":"wp","href":"https:\/\/api.w.org\/{rel}","templated":true}]}}